{"id":1422,"date":"2022-05-22T11:29:56","date_gmt":"2022-05-22T10:29:56","guid":{"rendered":"https:\/\/www.lbi.fr\/?page_id=1422"},"modified":"2022-10-13T13:07:56","modified_gmt":"2022-10-13T12:07:56","slug":"art-foundry","status":"publish","type":"page","link":"https:\/\/www.lbi.fr\/en\/art-foundry\/","title":{"rendered":"Art foundry"},"content":{"rendered":"<h1><span class=\"uk-text-primary\">Art<\/span> foundry<\/h1>\n<div>\n<p>R\u00e9alis\u00e9es principalement en alliage de cupro-aluminium par moulage sable ou par centrifugation, nous travaillons sur de nombreuses pi\u00e8ces d&#8217;art aux formes et tailles tr\u00e8s diff\u00e9rentes. Gr\u00e2ce aux diff\u00e9rentes comp\u00e9tences et aux capacit\u00e9s unique de nos 6 fonderies, toutes localis\u00e9es en France, nous sommes en mesure de r\u00e9aliser vos projets.<\/p>\n<\/div>\n<h2>Monumental works of art<\/h2>\n<h2>Technical works of art<\/h2>\n<h2>Sand casting or centrifugation<\/h2>\n<h2>Many alloy variants<\/h2>\n<h2>Exemples de r\u00e9alisation<\/h2>\n<hr>\n<ul>\n<li>\n<p>        <img decoding=\"async\" src=\"\/wp-content\/uploads\/LBI-Fonderie-dart-Galleries-photos-03.jpg\" alt=\"Les Bronzes d'Industrie - Art Foundry - FLICKINGER frescoes in the auditorium of Hagondange\"><\/p>\n<h3>LBI &#8211; Sculpture en cupro-aluminium dor\u00e9e \u00e0 l&#8217;or &#8211; &#8220;Tremblement de ciel&#8221;<\/h3>\n<p><a href=\"\/wp-content\/uploads\/LBI-Fonderie-dart-Galleries-photos-03.jpg\"><\/a><\/p>\n<\/li>\n<li>\n<p>        <img decoding=\"async\" src=\"\/wp-content\/uploads\/LBI-Fonderie-dart-Galleries-photos-02.jpg\" alt=\"Les Bronzes d'Industrie - Art Foundry - FLICKINGER frescoes in the auditorium of Hagondange\"><\/p>\n<h3>LBI &#8211; Sculpture en cupro-aluminium dor\u00e9e \u00e0 l&#8217;or &#8211; &#8220;Tremblement de ciel&#8221;<\/h3>\n<p><a href=\"\/wp-content\/uploads\/LBI-Fonderie-dart-Galleries-photos-02.jpg\"><\/a><\/p>\n<\/li>\n<li>\n<p>        <img decoding=\"async\" src=\"\/wp-content\/uploads\/LBI-Fonderie-dart-Galleries-photos-01.jpg\" alt=\"Les Bronzes d'Industrie - Art Foundry - Pouce de C\u00e9sar, forecourt of the Pompidou Center, Paris\"><\/p>\n<h3>LBI &#8211; Pouce de C\u00e9sar &#8211; Parvis du centre Pompidou <\/h3>\n<p><a href=\"\/wp-content\/uploads\/LBI-Fonderie-dart-Galleries-photos-01.jpg\"><\/a><\/p>\n<\/li>\n<li>\n<p>        <img decoding=\"async\" src=\"\/wp-content\/uploads\/LBI-Fonderie-dart-Galleries-photos-05.jpg\" alt=\"Les Bronzes d'Industrie - Art Foundry - FLICKINGER frescoes in the auditorium of Hagondange\"><\/p>\n<h3>LBI &#8211; Fresques FLICKINGER a\u0300 d&#8217;auditorium d&#8217;Hagondange <\/h3>\n<p><a href=\"\/wp-content\/uploads\/LBI-Fonderie-dart-Galleries-photos-05.jpg\"><\/a><\/p>\n<\/li>\n<li>\n<p>        <img decoding=\"async\" src=\"\/wp-content\/uploads\/LBI-Fonderie-dart-Galleries-photos-06.jpg\" alt=\"Les Bronzes d'Industrie - Art Foundry - FLICKINGER frescoes in the auditorium of Hagondange\"><\/p>\n<h3>LBI &#8211; Fresques FLICKINGER a\u0300 d&#8217;auditorium d&#8217;Hagondange <\/h3>\n<p><a href=\"\/wp-content\/uploads\/LBI-Fonderie-dart-Galleries-photos-06.jpg\"><\/a><\/p>\n<\/li>\n<li>\n<p>        <img decoding=\"async\" src=\"\/wp-content\/uploads\/LBI-Fonderie-dart-Galleries-photos-07.jpg\" alt=\"Les Bronzes d'Industrie - Art Foundry - FLICKINGER frescoes in the auditorium of Hagondange\"><\/p>\n<h3>LBI -Fresques FLICKINGER a\u0300 d&#8217;auditorium d&#8217;Hagondange <\/h3>\n<p><a href=\"\/wp-content\/uploads\/LBI-Fonderie-dart-Galleries-photos-07.jpg\"><\/a><\/p>\n<\/li>\n<li>\n<p>        <img decoding=\"async\" src=\"\/wp-content\/uploads\/LBI-Fonderie-dart-Galleries-photos-08.jpg\" alt=\"Les Bronzes d'Industrie - Art Foundry - FLICKINGER frescoes in the auditorium of Hagondange\"><\/p>\n<h3>LBI &#8211; Fresques FLICKINGER a\u0300 d&#8217;auditorium d&#8217;Hagondange <\/h3>\n<p><a href=\"\/wp-content\/uploads\/LBI-Fonderie-dart-Galleries-photos-08.jpg\"><\/a><\/p>\n<\/li>\n<li>\n<p>        <img decoding=\"async\" src=\"\/wp-content\/uploads\/LBI-Fonderie-dart-Galleries-photos-09.jpg\" alt=\"Les Bronzes d'Industrie - Art Foundry - FLICKINGER frescoes in the auditorium of Hagondange\"><\/p>\n<h3>LBI &#8211; Fresques FLICKINGER a\u0300 d&#8217;auditorium d&#8217;Hagondange <\/h3>\n<p><a href=\"\/wp-content\/uploads\/LBI-Fonderie-dart-Galleries-photos-09.jpg\"><\/a><\/p>\n<\/li>\n<li>\n<p>        <img decoding=\"async\" src=\"\/wp-content\/uploads\/LBI-Fonderie-dart-Galleries-photos-04.jpg\" alt=\"Les Bronzes d'Industrie - Art Foundry - Cupro-Aluminium flag poles, Bourse du Commerce, Paris\"><\/p>\n<h3>LBI &#8211; M\u00e2ts porte-drapeaux en Cupro Aluminium &#8211; Bourse du Commerce &#8211; Paris<\/h3>\n<p><a href=\"\/wp-content\/uploads\/LBI-Fonderie-dart-Galleries-photos-04.jpg\"><\/a><\/p>\n<\/li>\n<li>\n<p>        <img decoding=\"async\" src=\"\/wp-content\/uploads\/LBI-Fonderie-dart-Galleries-photos-10.jpg\" alt=\"Les Bronzes d'Industrie - Art Foundry - Fountain of the Champs-Elysees, Paris\"><\/p>\n<h3>LBI &#8211; Fontaine des Champs-Elys\u00e9es &#8211; Ronan &#038; Erwan Bouroullec <\/h3>\n<p><a href=\"\/wp-content\/uploads\/LBI-Fonderie-dart-Galleries-photos-07.jpg\"><\/a><\/p>\n<\/li>\n<\/ul>\n<p><!--more--><br \/>\n<!-- {\"children\":[{\"name\":\"Hero\",\"type\":\"section\",\"props\":{\"width\":\"default\",\"padding\":\"large\",\"style\":\"secondary\",\"media\":\"images\\\/casestudy-header.jpg\",\"image\":\"wp-content\\\/uploads\\\/LBI-Fonderie-dart-Bandeaux.jpg\",\"media_advanced\":true,\"image_size\":\"cover\",\"media_background\":\"#fff\",\"media_overlay\":\"rgba(0, 0, 0, 0.45)\",\"image_fixed\":true,\"image_position\":\"center-center\",\"vertical_align\":\"middle\",\"title_position\":\"top-left\",\"title_rotation\":\"left\",\"title_breakpoint\":\"xl\",\"media_blend_mode\":\"multiply\",\"header_transparent\":\"light\",\"header_transparent_noplaceholder\":false},\"children\":[{\"name\":\"\",\"type\":\"row\",\"children\":[{\"name\":\"\",\"type\":\"column\",\"props\":{\"image_position\":\"center-center\",\"media_overlay_gradient\":\"\",\"width_medium\":\"1-1\",\"vertical_align\":\"middle\",\"position_sticky_breakpoint\":\"m\"},\"children\":[{\"name\":\"\",\"type\":\"headline\",\"props\":{\"title_element\":\"h1\",\"title_style\":\"heading-large\",\"text_align\":\"left\",\"content\":\"<span class=\\\"uk-text-primary\\\">Art<\\\/span> foundry\",\"margin_remove_top\":true,\"css\":\".el-element .uk-text-primary {\\n    color: #FFB932 !important;\\n}\"}},{\"name\":\"\",\"type\":\"text\",\"props\":{\"column_breakpoint\":\"m\",\"text_align\":\"justify\",\"maxwidth\":\"xlarge\",\"margin\":\"\",\"content\":\"\n\n<p>R\\u00e9alis\\u00e9es principalement en alliage de cupro-aluminium par moulage sable ou par centrifugation, nous travaillons sur de nombreuses pi\\u00e8ces d'art aux formes et tailles tr\\u00e8s diff\\u00e9rentes. Gr\\u00e2ce aux diff\\u00e9rentes comp\\u00e9tences et aux capacit\\u00e9s unique de nos 6 fonderies, toutes localis\\u00e9es en France, nous sommes en mesure de r\\u00e9aliser vos projets.<\\\/p>\",\"text_color\":\"emphasis\",\"class\":\"\",\"block_align\":\"center\"}}]}]}],\"modified\":\"2021-10-12T14:05:03.680Z\"},{\"name\":\"Arguments\",\"type\":\"section\",\"props\":{\"width\":\"default\",\"style\":\"default\",\"image_size\":\"cover\",\"image_position\":\"center-center\",\"vertical_align\":\"middle\",\"title_position\":\"top-left\",\"title_rotation\":\"left\",\"title_breakpoint\":\"xl\",\"id\":\"arguments\",\"padding_remove_top\":false},\"children\":[{\"name\":\"\",\"type\":\"row\",\"children\":[{\"name\":\"\",\"type\":\"column\",\"props\":{\"image_position\":\"center-center\",\"media_overlay_gradient\":\"\",\"width_medium\":\"\",\"position_sticky_breakpoint\":\"m\"},\"children\":[{\"name\":\"\",\"type\":\"headline\",\"props\":{\"title_element\":\"h2\",\"content\":\"Monumental works of art\",\"title_color\":\"primary\",\"title_style\":\"h1\",\"text_align\":\"center\",\"margin\":\"small\"}},{\"name\":\"\",\"type\":\"headline\",\"props\":{\"title_element\":\"h2\",\"content\":\"Technical works of art\",\"title_color\":\"primary\",\"title_style\":\"h1\",\"text_align\":\"center\",\"margin\":\"small\"}},{\"name\":\"\",\"type\":\"headline\",\"props\":{\"title_element\":\"h2\",\"content\":\"Sand casting or centrifugation\",\"title_color\":\"primary\",\"title_style\":\"h1\",\"text_align\":\"center\",\"margin\":\"small\"}},{\"name\":\"\",\"type\":\"headline\",\"props\":{\"title_element\":\"h2\",\"content\":\"Many alloy variants\",\"title_color\":\"primary\",\"title_style\":\"h1\",\"text_align\":\"center\",\"margin\":\"small\"}}]}]}]},{\"name\":\"Exemples de r\\u00e9alisations\",\"type\":\"section\",\"props\":{\"width\":\"default\",\"style\":\"default\",\"image_size\":\"contain\",\"image_position\":\"center-center\",\"vertical_align\":\"middle\",\"title_position\":\"top-left\",\"title_rotation\":\"left\",\"title_breakpoint\":\"xl\",\"id\":\"realisations\",\"image\":\"\",\"padding_remove_bottom\":false},\"children\":[{\"name\":\"\",\"type\":\"row\",\"children\":[{\"name\":\"\",\"type\":\"column\",\"props\":{\"image_position\":\"center-center\",\"media_overlay_gradient\":\"\",\"width_medium\":\"\",\"position_sticky_breakpoint\":\"m\"},\"children\":[{\"name\":\"\",\"type\":\"headline\",\"props\":{\"title_element\":\"h2\",\"content\":\"Exemples de r\\u00e9alisation\"}},{\"type\":\"divider\",\"props\":{\"divider_element\":\"hr\",\"divider_style\":\"small\",\"margin_remove_top\":false}}]}]},{\"name\":\"\",\"type\":\"row\",\"children\":[{\"name\":\"\",\"type\":\"column\",\"props\":{\"image_position\":\"center-center\",\"media_overlay_gradient\":\"\",\"width_medium\":\"\",\"position_sticky_breakpoint\":\"m\"},\"children\":[{\"type\":\"gallery\",\"props\":{\"show_title\":true,\"show_meta\":false,\"show_content\":false,\"show_link\":true,\"show_hover_image\":true,\"grid_default\":\"1\",\"grid_medium\":\"\",\"filter_style\":\"tab\",\"filter_all\":true,\"filter_position\":\"top\",\"filter_align\":\"left\",\"filter_grid_width\":\"auto\",\"filter_grid_breakpoint\":\"m\",\"overlay_mode\":\"cover\",\"overlay_hover\":true,\"overlay_style\":\"\",\"text_color\":\"dark\",\"overlay_position\":\"center\",\"overlay_transition\":\"scale-up\",\"title_hover_style\":\"reset\",\"title_element\":\"h3\",\"meta_style\":\"text-meta\",\"meta_align\":\"below-title\",\"meta_element\":\"div\",\"link_text\":\"\",\"link_style\":\"\",\"text_align\":\"center\",\"margin\":\"default\",\"item_animation\":true,\"grid_small\":\"2\",\"overlay_transition_background\":false,\"grid_column_gap\":\"medium\",\"grid_row_gap\":\"medium\",\"lightbox\":true,\"title_display\":\"lightbox\",\"content_display\":\"lightbox\",\"image_width\":\"720\",\"image_height\":\"480\",\"overlay_link\":true,\"text_color_hover\":false,\"overlay_padding\":\"none\",\"title_style\":\"h4\",\"css\":\".el-item:hover > div {\\n    display: none;\\n}\",\"parallax_easing\":\"1\"},\"children\":[{\"type\":\"gallery_item\",\"props\":{\"title\":\"LBI - Sculpture en cupro-aluminium dor\\u00e9e \\u00e0 l'or - \\\"Tremblement de ciel\\\"\",\"link\":\"wp-content\\\/uploads\\\/LBI-Fonderie-dart-Galleries-photos-03.jpg\",\"image\":\"wp-content\\\/uploads\\\/LBI-Fonderie-dart-Galleries-photos-03.jpg\",\"image_alt\":\"Les Bronzes d'Industrie - Art Foundry - FLICKINGER frescoes in the auditorium of Hagondange\"}},{\"type\":\"gallery_item\",\"props\":{\"title\":\"LBI - Sculpture en cupro-aluminium dor\\u00e9e \\u00e0 l'or - \\\"Tremblement de ciel\\\"\",\"link\":\"wp-content\\\/uploads\\\/LBI-Fonderie-dart-Galleries-photos-02.jpg\",\"image\":\"wp-content\\\/uploads\\\/LBI-Fonderie-dart-Galleries-photos-02.jpg\",\"image_alt\":\"Les Bronzes d'Industrie - Art Foundry - FLICKINGER frescoes in the auditorium of Hagondange\"}},{\"type\":\"gallery_item\",\"props\":{\"title\":\"LBI - Pouce de C\\u00e9sar - Parvis du centre Pompidou \",\"link\":\"wp-content\\\/uploads\\\/LBI-Fonderie-dart-Galleries-photos-01.jpg\",\"image\":\"wp-content\\\/uploads\\\/LBI-Fonderie-dart-Galleries-photos-01.jpg\",\"image_alt\":\"Les Bronzes d'Industrie - Art Foundry - Pouce de C\\u00e9sar, forecourt of the Pompidou Center, Paris\"}},{\"type\":\"gallery_item\",\"props\":{\"title\":\"LBI - Fresques FLICKINGER a\\u0300 d'auditorium d'Hagondange \",\"link\":\"wp-content\\\/uploads\\\/LBI-Fonderie-dart-Galleries-photos-05.jpg\",\"image\":\"wp-content\\\/uploads\\\/LBI-Fonderie-dart-Galleries-photos-05.jpg\",\"image_alt\":\"Les Bronzes d'Industrie - Art Foundry - FLICKINGER frescoes in the auditorium of Hagondange\"}},{\"type\":\"gallery_item\",\"props\":{\"title\":\"LBI - Fresques FLICKINGER a\\u0300 d'auditorium d'Hagondange \",\"link\":\"wp-content\\\/uploads\\\/LBI-Fonderie-dart-Galleries-photos-06.jpg\",\"image\":\"wp-content\\\/uploads\\\/LBI-Fonderie-dart-Galleries-photos-06.jpg\",\"image_alt\":\"Les Bronzes d'Industrie - Art Foundry - FLICKINGER frescoes in the auditorium of Hagondange\"}},{\"type\":\"gallery_item\",\"props\":{\"title\":\"LBI -Fresques FLICKINGER a\\u0300 d'auditorium d'Hagondange \",\"link\":\"wp-content\\\/uploads\\\/LBI-Fonderie-dart-Galleries-photos-07.jpg\",\"image\":\"wp-content\\\/uploads\\\/LBI-Fonderie-dart-Galleries-photos-07.jpg\",\"image_alt\":\"Les Bronzes d'Industrie - Art Foundry - FLICKINGER frescoes in the auditorium of Hagondange\"}},{\"type\":\"gallery_item\",\"props\":{\"title\":\"LBI - Fresques FLICKINGER a\\u0300 d'auditorium d'Hagondange \",\"link\":\"wp-content\\\/uploads\\\/LBI-Fonderie-dart-Galleries-photos-08.jpg\",\"image\":\"wp-content\\\/uploads\\\/LBI-Fonderie-dart-Galleries-photos-08.jpg\",\"image_alt\":\"Les Bronzes d'Industrie - Art Foundry - FLICKINGER frescoes in the auditorium of Hagondange\"}},{\"type\":\"gallery_item\",\"props\":{\"title\":\"LBI - Fresques FLICKINGER a\\u0300 d'auditorium d'Hagondange \",\"link\":\"wp-content\\\/uploads\\\/LBI-Fonderie-dart-Galleries-photos-09.jpg\",\"image\":\"wp-content\\\/uploads\\\/LBI-Fonderie-dart-Galleries-photos-09.jpg\",\"image_alt\":\"Les Bronzes d'Industrie - Art Foundry - FLICKINGER frescoes in the auditorium of Hagondange\"}},{\"type\":\"gallery_item\",\"props\":{\"title\":\"LBI - M\\u00e2ts porte-drapeaux en Cupro Aluminium - Bourse du Commerce - Paris\",\"link\":\"wp-content\\\/uploads\\\/LBI-Fonderie-dart-Galleries-photos-04.jpg\",\"image\":\"wp-content\\\/uploads\\\/LBI-Fonderie-dart-Galleries-photos-04.jpg\",\"image_alt\":\"Les Bronzes d'Industrie - Art Foundry - Cupro-Aluminium flag poles, Bourse du Commerce, Paris\"}},{\"type\":\"gallery_item\",\"props\":{\"title\":\"LBI - Fontaine des Champs-Elys\\u00e9es - Ronan & Erwan Bouroullec \",\"link\":\"wp-content\\\/uploads\\\/LBI-Fonderie-dart-Galleries-photos-07.jpg\",\"image\":\"wp-content\\\/uploads\\\/LBI-Fonderie-dart-Galleries-photos-10.jpg\",\"image_alt\":\"Les Bronzes d'Industrie - Art Foundry - Fountain of the Champs-Elysees, Paris\"}}]}]}]}]}],\"version\":\"3.0.5\",\"type\":\"layout\"} --><\/p>\n","protected":false},"excerpt":{"rendered":"<p>Art foundry R\u00e9alis\u00e9es principalement en alliage de cupro-aluminium par moulage sable ou par centrifugation, nous travaillons sur de nombreuses pi\u00e8ces d&#8217;art aux formes et tailles tr\u00e8s diff\u00e9rentes. Gr\u00e2ce aux diff\u00e9rentes comp\u00e9tences et aux capacit\u00e9s unique de nos 6 fonderies, toutes localis\u00e9es en France, nous sommes en mesure de r\u00e9aliser vos projets. Monumental works of art [&hellip;]<\/p>\n","protected":false},"author":4,"featured_media":0,"parent":0,"menu_order":4,"comment_status":"closed","ping_status":"closed","template":"","meta":{"_acf_changed":false,"footnotes":""},"class_list":["post-1422","page","type-page","status-publish","hentry"],"acf":[],"yoast_head":"<!-- This site is optimized with the Yoast SEO plugin v27.5 - https:\/\/yoast.com\/product\/yoast-seo-wordpress\/ -->\n<title>Art foundry - Les Bronzes d&#039;Industrie<\/title>\n<meta name=\"description\" content=\"Pieces of art produced in cupro-aluminium alloy by sand casting or by centrifugation thanks to the unique skills and capacities of our foundries.\" \/>\n<meta name=\"robots\" content=\"index, follow, max-snippet:-1, max-image-preview:large, max-video-preview:-1\" \/>\n<link rel=\"canonical\" href=\"https:\/\/www.lbi.fr\/en\/art-foundry\/\" \/>\n<meta property=\"og:locale\" content=\"en_US\" \/>\n<meta property=\"og:type\" content=\"article\" \/>\n<meta property=\"og:title\" content=\"Art foundry - Les Bronzes d&#039;Industrie\" \/>\n<meta property=\"og:description\" content=\"Pieces of art produced in cupro-aluminium alloy by sand casting or by centrifugation thanks to the unique skills and capacities of our foundries.\" \/>\n<meta property=\"og:url\" content=\"https:\/\/www.lbi.fr\/en\/art-foundry\/\" \/>\n<meta property=\"og:site_name\" content=\"Les Bronzes d&#039;Industrie\" \/>\n<meta property=\"article:modified_time\" content=\"2022-10-13T12:07:56+00:00\" \/>\n<meta name=\"twitter:card\" content=\"summary_large_image\" \/>\n<meta name=\"twitter:label1\" content=\"Est. reading time\" \/>\n\t<meta name=\"twitter:data1\" content=\"5 minutes\" \/>\n<script type=\"application\/ld+json\" class=\"yoast-schema-graph\">{\"@context\":\"https:\\\/\\\/schema.org\",\"@graph\":[{\"@type\":\"WebPage\",\"@id\":\"https:\\\/\\\/www.lbi.fr\\\/en\\\/art-foundry\\\/\",\"url\":\"https:\\\/\\\/www.lbi.fr\\\/en\\\/art-foundry\\\/\",\"name\":\"Art foundry - Les Bronzes d&#039;Industrie\",\"isPartOf\":{\"@id\":\"https:\\\/\\\/www.lbi.fr\\\/en\\\/#website\"},\"datePublished\":\"2022-05-22T10:29:56+00:00\",\"dateModified\":\"2022-10-13T12:07:56+00:00\",\"description\":\"Pieces of art produced in cupro-aluminium alloy by sand casting or by centrifugation thanks to the unique skills and capacities of our foundries.\",\"breadcrumb\":{\"@id\":\"https:\\\/\\\/www.lbi.fr\\\/en\\\/art-foundry\\\/#breadcrumb\"},\"inLanguage\":\"en-US\",\"potentialAction\":[{\"@type\":\"ReadAction\",\"target\":[\"https:\\\/\\\/www.lbi.fr\\\/en\\\/art-foundry\\\/\"]}]},{\"@type\":\"BreadcrumbList\",\"@id\":\"https:\\\/\\\/www.lbi.fr\\\/en\\\/art-foundry\\\/#breadcrumb\",\"itemListElement\":[{\"@type\":\"ListItem\",\"position\":1,\"name\":\"Accueil\",\"item\":\"https:\\\/\\\/www.lbi.fr\\\/en\\\/\"},{\"@type\":\"ListItem\",\"position\":2,\"name\":\"Art foundry\"}]},{\"@type\":\"WebSite\",\"@id\":\"https:\\\/\\\/www.lbi.fr\\\/en\\\/#website\",\"url\":\"https:\\\/\\\/www.lbi.fr\\\/en\\\/\",\"name\":\"Les Bronzes d&#039;Industrie\",\"description\":\"\",\"publisher\":{\"@id\":\"https:\\\/\\\/www.lbi.fr\\\/en\\\/#organization\"},\"potentialAction\":[{\"@type\":\"SearchAction\",\"target\":{\"@type\":\"EntryPoint\",\"urlTemplate\":\"https:\\\/\\\/www.lbi.fr\\\/en\\\/?s={search_term_string}\"},\"query-input\":{\"@type\":\"PropertyValueSpecification\",\"valueRequired\":true,\"valueName\":\"search_term_string\"}}],\"inLanguage\":\"en-US\"},{\"@type\":\"Organization\",\"@id\":\"https:\\\/\\\/www.lbi.fr\\\/en\\\/#organization\",\"name\":\"Les Bronzes d'Industrie\",\"url\":\"https:\\\/\\\/www.lbi.fr\\\/en\\\/\",\"logo\":{\"@type\":\"ImageObject\",\"inLanguage\":\"en-US\",\"@id\":\"https:\\\/\\\/www.lbi.fr\\\/en\\\/#\\\/schema\\\/logo\\\/image\\\/\",\"url\":\"https:\\\/\\\/www.lbi.fr\\\/wp-content\\\/uploads\\\/LBI-Logo-RVB.png\",\"contentUrl\":\"https:\\\/\\\/www.lbi.fr\\\/wp-content\\\/uploads\\\/LBI-Logo-RVB.png\",\"width\":800,\"height\":600,\"caption\":\"Les Bronzes d'Industrie\"},\"image\":{\"@id\":\"https:\\\/\\\/www.lbi.fr\\\/en\\\/#\\\/schema\\\/logo\\\/image\\\/\"},\"sameAs\":[\"https:\\\/\\\/www.linkedin.com\\\/company\\\/lbi-lesbronzesd'industrie\\\/\"]}]}<\/script>\n<!-- \/ Yoast SEO plugin. -->","yoast_head_json":{"title":"Art foundry - Les Bronzes d&#039;Industrie","description":"Pieces of art produced in cupro-aluminium alloy by sand casting or by centrifugation thanks to the unique skills and capacities of our foundries.","robots":{"index":"index","follow":"follow","max-snippet":"max-snippet:-1","max-image-preview":"max-image-preview:large","max-video-preview":"max-video-preview:-1"},"canonical":"https:\/\/www.lbi.fr\/en\/art-foundry\/","og_locale":"en_US","og_type":"article","og_title":"Art foundry - Les Bronzes d&#039;Industrie","og_description":"Pieces of art produced in cupro-aluminium alloy by sand casting or by centrifugation thanks to the unique skills and capacities of our foundries.","og_url":"https:\/\/www.lbi.fr\/en\/art-foundry\/","og_site_name":"Les Bronzes d&#039;Industrie","article_modified_time":"2022-10-13T12:07:56+00:00","twitter_card":"summary_large_image","twitter_misc":{"Est. reading time":"5 minutes"},"schema":{"@context":"https:\/\/schema.org","@graph":[{"@type":"WebPage","@id":"https:\/\/www.lbi.fr\/en\/art-foundry\/","url":"https:\/\/www.lbi.fr\/en\/art-foundry\/","name":"Art foundry - Les Bronzes d&#039;Industrie","isPartOf":{"@id":"https:\/\/www.lbi.fr\/en\/#website"},"datePublished":"2022-05-22T10:29:56+00:00","dateModified":"2022-10-13T12:07:56+00:00","description":"Pieces of art produced in cupro-aluminium alloy by sand casting or by centrifugation thanks to the unique skills and capacities of our foundries.","breadcrumb":{"@id":"https:\/\/www.lbi.fr\/en\/art-foundry\/#breadcrumb"},"inLanguage":"en-US","potentialAction":[{"@type":"ReadAction","target":["https:\/\/www.lbi.fr\/en\/art-foundry\/"]}]},{"@type":"BreadcrumbList","@id":"https:\/\/www.lbi.fr\/en\/art-foundry\/#breadcrumb","itemListElement":[{"@type":"ListItem","position":1,"name":"Accueil","item":"https:\/\/www.lbi.fr\/en\/"},{"@type":"ListItem","position":2,"name":"Art foundry"}]},{"@type":"WebSite","@id":"https:\/\/www.lbi.fr\/en\/#website","url":"https:\/\/www.lbi.fr\/en\/","name":"Les Bronzes d&#039;Industrie","description":"","publisher":{"@id":"https:\/\/www.lbi.fr\/en\/#organization"},"potentialAction":[{"@type":"SearchAction","target":{"@type":"EntryPoint","urlTemplate":"https:\/\/www.lbi.fr\/en\/?s={search_term_string}"},"query-input":{"@type":"PropertyValueSpecification","valueRequired":true,"valueName":"search_term_string"}}],"inLanguage":"en-US"},{"@type":"Organization","@id":"https:\/\/www.lbi.fr\/en\/#organization","name":"Les Bronzes d'Industrie","url":"https:\/\/www.lbi.fr\/en\/","logo":{"@type":"ImageObject","inLanguage":"en-US","@id":"https:\/\/www.lbi.fr\/en\/#\/schema\/logo\/image\/","url":"https:\/\/www.lbi.fr\/wp-content\/uploads\/LBI-Logo-RVB.png","contentUrl":"https:\/\/www.lbi.fr\/wp-content\/uploads\/LBI-Logo-RVB.png","width":800,"height":600,"caption":"Les Bronzes d'Industrie"},"image":{"@id":"https:\/\/www.lbi.fr\/en\/#\/schema\/logo\/image\/"},"sameAs":["https:\/\/www.linkedin.com\/company\/lbi-lesbronzesd'industrie\/"]}]}},"_links":{"self":[{"href":"https:\/\/www.lbi.fr\/en\/wp-json\/wp\/v2\/pages\/1422","targetHints":{"allow":["GET"]}}],"collection":[{"href":"https:\/\/www.lbi.fr\/en\/wp-json\/wp\/v2\/pages"}],"about":[{"href":"https:\/\/www.lbi.fr\/en\/wp-json\/wp\/v2\/types\/page"}],"author":[{"embeddable":true,"href":"https:\/\/www.lbi.fr\/en\/wp-json\/wp\/v2\/users\/4"}],"replies":[{"embeddable":true,"href":"https:\/\/www.lbi.fr\/en\/wp-json\/wp\/v2\/comments?post=1422"}],"version-history":[{"count":0,"href":"https:\/\/www.lbi.fr\/en\/wp-json\/wp\/v2\/pages\/1422\/revisions"}],"wp:attachment":[{"href":"https:\/\/www.lbi.fr\/en\/wp-json\/wp\/v2\/media?parent=1422"}],"curies":[{"name":"wp","href":"https:\/\/api.w.org\/{rel}","templated":true}]}}