{"id":1554,"date":"2022-10-18T16:25:02","date_gmt":"2022-10-18T15:25:02","guid":{"rendered":"https:\/\/www.lbi.fr\/?page_id=1554"},"modified":"2025-10-24T15:49:56","modified_gmt":"2025-10-24T14:49:56","slug":"rechtliche-hinweise","status":"publish","type":"page","link":"https:\/\/www.lbi.fr\/de\/rechtliche-hinweise\/","title":{"rendered":"Rechtliche Hinweise"},"content":{"rendered":"<h1>Rechtliche <span class=\"uk-text-primary\">Hinweise<\/span><\/h1>\n<h2>Herausgeber<\/h2>\n<div>\n<p>Diese Website ist Eigentum des Unternehmens <strong>Les Bronzes d&#8217;Industrie<\/strong>, auch <strong>LBI<\/strong> genannt, mit Sitz in:<\/p>\n<p>26 rue de la R\u00e9publique<br \/>57360 Amn\u00e9ville &#8211; Frankreich<\/p>\n<p>Soci\u00e9t\u00e9 Anonyme \u00e0 Conseil d&#8217;Administration (SA) mit einem Stammkapital von 1\u00a0200\u00a0650,00 \u20ac <br \/>RCS Metz Nr. 356 800 896 <br \/>SIRET Nr. 356 800 896 00017 <br \/>NAF Nr. 2454Z <br \/>Intrakommunale Mehrwertsteuer Nr. FR 37 356 800 896<\/p>\n<p>Fon <strong><a href=\"tel:+33387711511\">+33 \/ (0)3 87 71 15 11<\/a><\/strong> <br \/>E-mail <strong><a href=\"mailto:commercial@lbi.fr\">commercial@lbi.fr <\/a><\/strong><\/p>\n<\/div>\n<h2>Verantwortlich f\u00fcr die Ver\u00f6ffentlichung<\/h2>\n<div>\n<p>Les Bronzes d&#8217;Industrie<\/p>\n<\/div>\n<h2>Hosting<\/h2>\n<div>\n<p>Diese Website wird von der Firma:<\/p>\n<p><strong>OVH<\/strong><br \/>2 rue Kellermann<br \/>59100 Roubaix &#8211; Frankreich<\/p>\n<p>SAS mit einem Stammkapital von 10 059 500 \u20ac <br \/>RCS Lille M\u00e9tropole Nr. 424 761 419<\/p>\n<p>Web <strong><a href=\"http:\/\/www.ovh.com\/\" target=\"_blank\" rel=\"noopener\">www.ovh.com<\/a><\/strong><\/p>\n<\/div>\n<h2>Bedingungen f\u00fcr die Nutzung der Website<\/h2>\n<div>\n<p>Die auf dieser Website bereitgestellten Daten dienen lediglich dazu, die Besucher \u00fcber die Leistungen, die Organisation, die Ausstattung und die Funktionsweise unserer Einrichtung zu informieren. Die Gesellschaft <strong>Les Bronzes d&#8217;Industrie<\/strong> beh\u00e4lt sich das ausschlie\u00dfliche Recht vor, die Website oder einen Teil ihres Inhalts nach eigenem Ermessen und in jeder Form zu \u00e4ndern, einzuschr\u00e4nken oder zu l\u00f6schen. Diese Website wird regelm\u00e4\u00dfig aktualisiert und \u00fcberpr\u00fcft. Sollten sich dennoch Fehler oder Auslassungen auf unseren Seiten einschleichen, kann <strong>Les Bronzes d&#8217;Industrie<\/strong> daf\u00fcr nicht haftbar gemacht werden.<\/p>\n<p>Jeder Besucher, der der Meinung ist, dass die Website seine Pers\u00f6nlichkeitsrechte verletzt (Verleumdung, Urheberrechte usw.), verpflichtet sich, den Inhaber der Website vor jedem Gerichtsverfahren dar\u00fcber zu informieren, um eine spontane Einstellung der Verletzung zu erm\u00f6glichen, falls diese erwiesen ist.<\/p>\n<p>Gleichzeitig verpflichtet sich der Verantwortliche f\u00fcr die Ver\u00f6ffentlichung, jede Darstellung eines Werkes oder einer Marke zu entfernen, die gegen die Rechte verst\u00f6\u00dft, die durch das geistige Eigentum gesch\u00fctzt sind.<\/p>\n<p>Besucher aus dem Ausland verpflichten sich, die Website zu verlassen, wenn ihr Inhalt ganz oder teilweise gegen die Gesetze ihres Staates verst\u00f6\u00dft, da der Inhaber der Website in einem solchen Fall nicht haftet.<\/p>\n<\/div>\n<h2>Schutz der pers\u00f6nlichen Daten<\/h2>\n<div>\n<p>Vgl. unsere <strong><a title=\"Lire notre Politique de Confidentialit\u00e9\" href=\"\/de\/rechtliche-hinweise\/\">Datenschutzrichtlinie<\/a><\/strong>.<\/p>\n<\/div>\n<h2>Urheberrechtsschutz und anwendbares Recht<\/h2>\n<div>\n<p>Die gesamte Website unterliegt der franz\u00f6sischen Gesetzgebung \u00fcber das Urheberrecht und das geistige Eigentum. Nur das franz\u00f6sische Recht ist anwendbar.<\/p>\n<p>Alle Vervielf\u00e4ltigungsrechte sind geeignet, einschlie\u00dflich der Texte, der herunterladbaren Dokumente und der ikonografischen und fotografischen Darstellungen.<\/p>\n<p>Folglich ist jede vollst\u00e4ndige oder teilweise Darstellung dieser Website durch ein beliebiges Verfahren ohne die ausdr\u00fcckliche Genehmigung von <strong>Les Bronzes d&#8217;Industrie<\/strong> untersagt und stellt eine F\u00e4lschung dar, die durch das Gesetz \u00fcber geistiges Eigentum geahndet wird.<\/p>\n<p>Im Streitfall ist ausschlie\u00dflich das Handelsgericht Metz (57, Frankreich) zust\u00e4ndig, auch im Falle eines Garantieanspruchs oder einer Vielzahl von Beklagten.<\/p>\n<\/div>\n<h2>Bildnachweis<\/h2>\n<div>\n<ul>\n<li>Les Bronzes d&#8217;Industrie<\/li>\n<\/ul>\n<\/div>\n<h2>Konzeption und Realisierung der Website<\/h2>\n<div>\n<p>Die Konzeption und Realisierung der Website wurde von der Firma:<\/p>\n<p><strong>Avance<\/strong><br \/>4 Rue des Noisetiers<br \/>57950 Montigny-l\u00e8s-Metz \u2013 France<\/p>\n<p>T\u00e9l. <strong><a title=\"Appeler Avance\" href=\"tel:+33387756747\">+33 \/ (0)3 87 75 67 47<\/a><\/strong><br \/>Web : <strong><a title=\"Visiter le site Avance\" href=\"http:\/\/www.avance.fr\/\" target=\"_blank\" rel=\"noopener\">www.avance.fr<\/a><\/strong><\/p>\n<\/div>\n<p><!--more--><br \/>\n<!-- {\"type\":\"layout\",\"children\":[{\"name\":\"Hero\",\"type\":\"section\",\"props\":{\"header_transparent\":true,\"header_transparent_noplaceholder\":false,\"header_transparent_text_color\":\"light\",\"image\":\"wp-content\\\/uploads\\\/LBI-Bandeau-ge\\u0301ne\\u0301rique-01-1.jpg\",\"image_position\":\"center-center\",\"image_size\":\"cover\",\"media_background\":\"#fff\",\"media_blend_mode\":\"multiply\",\"media_overlay\":\"rgba(0, 0, 0, 0.45)\",\"padding\":\"large\",\"padding_remove_bottom\":false,\"style\":\"secondary\",\"title_breakpoint\":\"xl\",\"title_position\":\"top-left\",\"title_rotation\":\"left\",\"vertical_align\":\"\",\"width\":\"default\"},\"children\":[{\"type\":\"row\",\"children\":[{\"type\":\"column\",\"props\":{\"image_position\":\"center-center\",\"position_sticky_breakpoint\":\"m\",\"vertical_align\":\"middle\",\"width_medium\":\"1-1\"},\"children\":[{\"type\":\"headline\",\"props\":{\"content\":\"Rechtliche <span class=\\\"uk-text-primary\\\">Hinweise<\\\/span>\",\"css\":\".el-element .uk-text-primary {\\n    color: #FFB932 !important;\\n}\",\"margin_remove_top\":true,\"text_align\":\"left\",\"title_element\":\"h1\",\"title_style\":\"heading-large\"}}]}]}],\"modified\":\"2021-10-12T14:05:03.680Z\"},{\"name\":\"Content\",\"type\":\"section\",\"props\":{\"animation_delay\":false,\"class\":\"content\",\"css\":\"@media (min-width: 1200px)  {\\n    .el-section > div > div {\\n        margin-top: 150px;\\n    }\\n}\",\"image_effect\":\"parallax\",\"image_parallax_bgy\":\"20,-80\",\"image_parallax_breakpoint\":\"m\",\"image_parallax_easing\":\"1\",\"image_position\":\"top-center\",\"image_size\":\"contain\",\"image_width\":\"2560\",\"media_blend_mode\":\"luminosity\",\"padding\":\"large\",\"padding_remove_bottom\":false,\"padding_remove_top\":true,\"style\":\"default\",\"title_breakpoint\":\"xl\",\"title_position\":\"top-left\",\"title_rotation\":\"left\",\"vertical_align\":\"\",\"width\":\"xlarge\"},\"children\":[{\"type\":\"row\",\"props\":{\"column_gap\":\"collapse\",\"layout\":\"1-2,1-2\"},\"children\":[{\"type\":\"column\",\"props\":{\"image_position\":\"center-center\",\"position_sticky_breakpoint\":\"m\",\"style\":\"tile-default\",\"width_small\":\"1-2\"},\"children\":[{\"type\":\"headline\",\"props\":{\"content\":\"Herausgeber\",\"margin_remove_top\":true,\"maxwidth_breakpoint\":\"m\",\"parallax_breakpoint\":\"m\",\"parallax_end\":\"70vh + 70%\",\"parallax_opacity\":\"0.3,1\",\"parallax_y\":\"20,0\",\"text_align_breakpoint\":\"m\",\"title_element\":\"h2\"}},{\"type\":\"text\",\"props\":{\"animation\":\"none\",\"block_align\":\"right\",\"column_breakpoint\":\"m\",\"content\":\"\n\n<p>Diese Website ist Eigentum des Unternehmens <strong>Les Bronzes d'Industrie<\\\/strong>, auch <strong>LBI<\\\/strong> genannt, mit Sitz in:<\\\/p>\\n\n\n<p>26 rue de la R\\u00e9publique<br \\\/>57360 Amn\\u00e9ville - Frankreich<\\\/p>\\n\n\n<p>Soci\\u00e9t\\u00e9 Anonyme \\u00e0 Conseil d'Administration (SA) mit einem Stammkapital von 1\\u00a0200\\u00a0650,00 \\u20ac <br \\\/>RCS Metz Nr. 356 800 896 <br \\\/>SIRET Nr. 356 800 896 00017 <br \\\/>NAF Nr. 2454Z <br \\\/>Intrakommunale Mehrwertsteuer Nr. FR 37 356 800 896<\\\/p>\\n\n\n<p>Fon <strong><a href=\\\"tel:+33387711511\\\">+33 \\\/ (0)3 87 71 15 11<\\\/a><\\\/strong> <br \\\/>E-mail <strong><a href=\\\"mailto:commercial@lbi.fr\\\">commercial@lbi.fr <\\\/a><\\\/strong><\\\/p>\",\"margin\":\"medium\",\"maxwidth_breakpoint\":\"m\",\"parallax_breakpoint\":\"m\",\"parallax_easing\":\"0.5\",\"parallax_x\":\"-270,0\",\"text_align_breakpoint\":\"m\",\"text_align_fallback\":\"center\"}},{\"type\":\"headline\",\"props\":{\"content\":\"Verantwortlich f\\u00fcr die Ver\\u00f6ffentlichung\",\"margin_remove_top\":true,\"maxwidth_breakpoint\":\"m\",\"parallax_breakpoint\":\"m\",\"parallax_end\":\"70vh + 70%\",\"parallax_opacity\":\"0.3,1\",\"parallax_y\":\"20,0\",\"text_align_breakpoint\":\"m\",\"title_element\":\"h2\"}},{\"type\":\"text\",\"props\":{\"animation\":\"none\",\"block_align\":\"right\",\"column_breakpoint\":\"m\",\"content\":\"\n\n<p>Les Bronzes d'Industrie<\\\/p>\",\"margin\":\"medium\",\"maxwidth_breakpoint\":\"m\",\"parallax_breakpoint\":\"m\",\"parallax_easing\":\"0.5\",\"parallax_x\":\"-270,0\",\"text_align_breakpoint\":\"m\",\"text_align_fallback\":\"center\"}},{\"type\":\"headline\",\"props\":{\"content\":\"Hosting\",\"margin_remove_top\":true,\"maxwidth_breakpoint\":\"m\",\"parallax_breakpoint\":\"m\",\"parallax_end\":\"70vh + 70%\",\"parallax_opacity\":\"0.3,1\",\"parallax_y\":\"20,0\",\"text_align_breakpoint\":\"m\",\"text_align_fallback\":\"center\",\"title_element\":\"h2\"}},{\"type\":\"text\",\"props\":{\"animation\":\"none\",\"block_align\":\"right\",\"column_breakpoint\":\"m\",\"content\":\"\n\n<p>Diese Website wird von der Firma:<\\\/p>\\n\n\n<p><strong>OVH<\\\/strong><br \\\/>2 rue Kellermann<br \\\/>59100 Roubaix - Frankreich<\\\/p>\\n\n\n<p>SAS mit einem Stammkapital von 10 059 500 \\u20ac <br \\\/>RCS Lille M\\u00e9tropole Nr. 424 761 419<\\\/p>\\n\n\n<p>Web <strong><a href=\\\"http:\\\/\\\/www.ovh.com\\\/\\\" target=\\\"_blank\\\" rel=\\\"noopener\\\">www.ovh.com<\\\/a><\\\/strong><\\\/p>\",\"margin\":\"medium\",\"maxwidth_breakpoint\":\"m\",\"parallax_breakpoint\":\"m\",\"parallax_easing\":\"0.5\",\"parallax_x\":\"-270,0\",\"text_align_breakpoint\":\"m\",\"text_align_fallback\":\"center\"}},{\"type\":\"headline\",\"props\":{\"content\":\"Bedingungen f\\u00fcr die Nutzung der Website\",\"margin_remove_top\":true,\"maxwidth_breakpoint\":\"m\",\"parallax_breakpoint\":\"m\",\"parallax_end\":\"70vh + 70%\",\"parallax_opacity\":\"0.3,1\",\"parallax_y\":\"20,0\",\"text_align_breakpoint\":\"m\",\"text_align_fallback\":\"center\",\"title_element\":\"h2\"}},{\"type\":\"text\",\"props\":{\"animation\":\"none\",\"block_align\":\"right\",\"column_breakpoint\":\"m\",\"content\":\"\n\n<p>Die auf dieser Website bereitgestellten Daten dienen lediglich dazu, die Besucher \\u00fcber die Leistungen, die Organisation, die Ausstattung und die Funktionsweise unserer Einrichtung zu informieren. Die Gesellschaft <strong>Les Bronzes d'Industrie<\\\/strong> beh\\u00e4lt sich das ausschlie\\u00dfliche Recht vor, die Website oder einen Teil ihres Inhalts nach eigenem Ermessen und in jeder Form zu \\u00e4ndern, einzuschr\\u00e4nken oder zu l\\u00f6schen. Diese Website wird regelm\\u00e4\\u00dfig aktualisiert und \\u00fcberpr\\u00fcft. Sollten sich dennoch Fehler oder Auslassungen auf unseren Seiten einschleichen, kann <strong>Les Bronzes d'Industrie<\\\/strong> daf\\u00fcr nicht haftbar gemacht werden.<\\\/p>\\n\n\n<p>Jeder Besucher, der der Meinung ist, dass die Website seine Pers\\u00f6nlichkeitsrechte verletzt (Verleumdung, Urheberrechte usw.), verpflichtet sich, den Inhaber der Website vor jedem Gerichtsverfahren dar\\u00fcber zu informieren, um eine spontane Einstellung der Verletzung zu erm\\u00f6glichen, falls diese erwiesen ist.<\\\/p>\\n\n\n<p>Gleichzeitig verpflichtet sich der Verantwortliche f\\u00fcr die Ver\\u00f6ffentlichung, jede Darstellung eines Werkes oder einer Marke zu entfernen, die gegen die Rechte verst\\u00f6\\u00dft, die durch das geistige Eigentum gesch\\u00fctzt sind.<\\\/p>\\n\n\n<p>Besucher aus dem Ausland verpflichten sich, die Website zu verlassen, wenn ihr Inhalt ganz oder teilweise gegen die Gesetze ihres Staates verst\\u00f6\\u00dft, da der Inhaber der Website in einem solchen Fall nicht haftet.<\\\/p>\",\"margin\":\"medium\",\"maxwidth_breakpoint\":\"m\",\"parallax_breakpoint\":\"m\",\"parallax_easing\":\"0.5\",\"parallax_x\":\"-270,0\",\"text_align_breakpoint\":\"m\",\"text_align_fallback\":\"center\"}}]},{\"type\":\"column\",\"props\":{\"image_position\":\"center-center\",\"position_sticky_breakpoint\":\"m\",\"style\":\"tile-default\",\"width_small\":\"1-2\"},\"children\":[{\"type\":\"headline\",\"props\":{\"content\":\"Schutz der pers\\u00f6nlichen Daten\",\"margin_remove_top\":true,\"maxwidth_breakpoint\":\"m\",\"parallax_breakpoint\":\"m\",\"parallax_end\":\"70vh + 70%\",\"parallax_opacity\":\"0.3,1\",\"parallax_y\":\"20,0\",\"text_align_breakpoint\":\"m\",\"text_align_fallback\":\"center\",\"title_element\":\"h2\"}},{\"type\":\"text\",\"props\":{\"animation\":\"none\",\"block_align\":\"right\",\"column_breakpoint\":\"m\",\"content\":\"\n\n<p>Vgl. unsere <strong><a title=\\\"Lire notre Politique de Confidentialit\\u00e9\\\" href=\\\"\\\/de\\\/rechtliche-hinweise\\\/\\\">Datenschutzrichtlinie<\\\/a><\\\/strong>.<\\\/p>\",\"margin\":\"medium\",\"maxwidth_breakpoint\":\"m\",\"parallax_breakpoint\":\"m\",\"parallax_easing\":\"0.5\",\"parallax_x\":\"-270,0\",\"text_align_breakpoint\":\"m\",\"text_align_fallback\":\"center\"}},{\"type\":\"headline\",\"props\":{\"content\":\"Urheberrechtsschutz und anwendbares Recht\",\"margin_remove_top\":true,\"maxwidth_breakpoint\":\"m\",\"parallax_breakpoint\":\"m\",\"parallax_end\":\"70vh + 70%\",\"parallax_opacity\":\"0.3,1\",\"parallax_y\":\"20,0\",\"text_align_breakpoint\":\"m\",\"text_align_fallback\":\"center\",\"title_element\":\"h2\"}},{\"type\":\"text\",\"props\":{\"animation\":\"none\",\"block_align\":\"right\",\"column_breakpoint\":\"m\",\"content\":\"\n\n<p>Die gesamte Website unterliegt der franz\\u00f6sischen Gesetzgebung \\u00fcber das Urheberrecht und das geistige Eigentum. Nur das franz\\u00f6sische Recht ist anwendbar.<\\\/p>\\n\n\n<p>Alle Vervielf\\u00e4ltigungsrechte sind geeignet, einschlie\\u00dflich der Texte, der herunterladbaren Dokumente und der ikonografischen und fotografischen Darstellungen.<\\\/p>\\n\n\n<p>Folglich ist jede vollst\\u00e4ndige oder teilweise Darstellung dieser Website durch ein beliebiges Verfahren ohne die ausdr\\u00fcckliche Genehmigung von <strong>Les Bronzes d'Industrie<\\\/strong> untersagt und stellt eine F\\u00e4lschung dar, die durch das Gesetz \\u00fcber geistiges Eigentum geahndet wird.<\\\/p>\\n\n\n<p>Im Streitfall ist ausschlie\\u00dflich das Handelsgericht Metz (57, Frankreich) zust\\u00e4ndig, auch im Falle eines Garantieanspruchs oder einer Vielzahl von Beklagten.<\\\/p>\",\"margin\":\"medium\",\"maxwidth_breakpoint\":\"m\",\"parallax_breakpoint\":\"m\",\"parallax_easing\":\"0.5\",\"parallax_x\":\"-270,0\",\"text_align_breakpoint\":\"m\",\"text_align_fallback\":\"center\"}},{\"type\":\"headline\",\"props\":{\"content\":\"Bildnachweis\",\"margin_remove_top\":true,\"maxwidth_breakpoint\":\"m\",\"parallax_breakpoint\":\"m\",\"parallax_end\":\"70vh + 70%\",\"parallax_opacity\":\"0.3,1\",\"parallax_y\":\"20,0\",\"text_align_breakpoint\":\"m\",\"text_align_fallback\":\"center\",\"title_element\":\"h2\"}},{\"type\":\"text\",\"props\":{\"animation\":\"none\",\"block_align\":\"right\",\"column_breakpoint\":\"m\",\"content\":\"\n\n<ul>\\n\n\n<li>Les Bronzes d'Industrie<\\\/li>\\n<\\\/ul>\",\"margin\":\"medium\",\"maxwidth_breakpoint\":\"m\",\"parallax_breakpoint\":\"m\",\"parallax_easing\":\"0.5\",\"parallax_x\":\"-270,0\",\"text_align_breakpoint\":\"m\",\"text_align_fallback\":\"center\"}},{\"type\":\"headline\",\"props\":{\"content\":\"Konzeption und Realisierung der Website\",\"margin_remove_top\":true,\"maxwidth_breakpoint\":\"m\",\"parallax_breakpoint\":\"m\",\"parallax_end\":\"70vh + 70%\",\"parallax_opacity\":\"0.3,1\",\"parallax_y\":\"20,0\",\"text_align_breakpoint\":\"m\",\"text_align_fallback\":\"center\",\"title_element\":\"h2\"}},{\"type\":\"text\",\"props\":{\"animation\":\"none\",\"block_align\":\"right\",\"column_breakpoint\":\"m\",\"content\":\"\n\n<p>Die Konzeption und Realisierung der Website wurde von der Firma:<\\\/p>\\n\n\n<p><strong>Avance<\\\/strong><br \\\/>4 Rue des Noisetiers<br \\\/>57950 Montigny-l\\u00e8s-Metz \\u2013 France<\\\/p>\\n\n\n<p>T\\u00e9l. <strong><a title=\\\"Appeler Avance\\\" href=\\\"tel:+33387756747\\\">+33 \\\/ (0)3 87 75 67 47<\\\/a><\\\/strong><br \\\/>Web : <strong><a title=\\\"Visiter le site Avance\\\" href=\\\"http:\\\/\\\/www.avance.fr\\\/\\\" target=\\\"_blank\\\" rel=\\\"noopener\\\">www.avance.fr<\\\/a><\\\/strong><\\\/p>\",\"margin\":\"medium\",\"maxwidth_breakpoint\":\"m\",\"parallax_breakpoint\":\"m\",\"parallax_easing\":\"0.5\",\"parallax_x\":\"-270,0\",\"text_align_breakpoint\":\"m\",\"text_align_fallback\":\"center\"}}]}]}]}],\"version\":\"4.5.31\"} --><\/p>\n","protected":false},"excerpt":{"rendered":"<p>Rechtliche Hinweise Herausgeber Diese Website ist Eigentum des Unternehmens Les Bronzes d&#8217;Industrie, auch LBI genannt, mit Sitz in: 26 rue de la R\u00e9publique57360 Amn\u00e9ville &#8211; Frankreich Soci\u00e9t\u00e9 Anonyme \u00e0 Conseil d&#8217;Administration (SA) mit einem Stammkapital von 1\u00a0200\u00a0650,00 \u20ac RCS Metz Nr. 356 800 896 SIRET Nr. 356 800 896 00017 NAF Nr. 2454Z Intrakommunale Mehrwertsteuer [&hellip;]<\/p>\n","protected":false},"author":4,"featured_media":0,"parent":0,"menu_order":99,"comment_status":"closed","ping_status":"closed","template":"","meta":{"_acf_changed":false,"footnotes":""},"class_list":["post-1554","page","type-page","status-publish","hentry"],"acf":[],"yoast_head":"<!-- This site is optimized with the Yoast SEO plugin v26.8 - https:\/\/yoast.com\/product\/yoast-seo-wordpress\/ -->\n<title>Rechtliche Hinweise - Les Bronzes d&#039;Industrie<\/title>\n<meta name=\"robots\" content=\"noindex, follow\" \/>\n<meta property=\"og:locale\" content=\"de_DE\" \/>\n<meta property=\"og:type\" content=\"article\" \/>\n<meta property=\"og:title\" content=\"Rechtliche Hinweise - Les Bronzes d&#039;Industrie\" \/>\n<meta property=\"og:description\" content=\"Rechtliche Hinweise Herausgeber Diese Website ist Eigentum des Unternehmens Les Bronzes d&#8217;Industrie, auch LBI genannt, mit Sitz in: 26 rue de la R\u00e9publique57360 Amn\u00e9ville &#8211; Frankreich Soci\u00e9t\u00e9 Anonyme \u00e0 Conseil d&#8217;Administration (SA) mit einem Stammkapital von 1\u00a0200\u00a0650,00 \u20ac RCS Metz Nr. 356 800 896 SIRET Nr. 356 800 896 00017 NAF Nr. 2454Z Intrakommunale Mehrwertsteuer [&hellip;]\" \/>\n<meta property=\"og:url\" content=\"https:\/\/www.lbi.fr\/de\/rechtliche-hinweise\/\" \/>\n<meta property=\"og:site_name\" content=\"Les Bronzes d&#039;Industrie\" \/>\n<meta property=\"article:modified_time\" content=\"2025-10-24T14:49:56+00:00\" \/>\n<meta name=\"twitter:card\" content=\"summary_large_image\" \/>\n<meta name=\"twitter:label1\" content=\"Gesch\u00e4tzte Lesezeit\" \/>\n\t<meta name=\"twitter:data1\" content=\"5\u00a0Minuten\" \/>\n<script type=\"application\/ld+json\" class=\"yoast-schema-graph\">{\"@context\":\"https:\/\/schema.org\",\"@graph\":[{\"@type\":\"WebPage\",\"@id\":\"https:\/\/www.lbi.fr\/de\/rechtliche-hinweise\/\",\"url\":\"https:\/\/www.lbi.fr\/de\/rechtliche-hinweise\/\",\"name\":\"Rechtliche Hinweise - Les Bronzes d&#039;Industrie\",\"isPartOf\":{\"@id\":\"https:\/\/www.lbi.fr\/de\/#website\"},\"datePublished\":\"2022-10-18T15:25:02+00:00\",\"dateModified\":\"2025-10-24T14:49:56+00:00\",\"breadcrumb\":{\"@id\":\"https:\/\/www.lbi.fr\/de\/rechtliche-hinweise\/#breadcrumb\"},\"inLanguage\":\"de\",\"potentialAction\":[{\"@type\":\"ReadAction\",\"target\":[\"https:\/\/www.lbi.fr\/de\/rechtliche-hinweise\/\"]}]},{\"@type\":\"BreadcrumbList\",\"@id\":\"https:\/\/www.lbi.fr\/de\/rechtliche-hinweise\/#breadcrumb\",\"itemListElement\":[{\"@type\":\"ListItem\",\"position\":1,\"name\":\"Accueil\",\"item\":\"https:\/\/www.lbi.fr\/de\/\"},{\"@type\":\"ListItem\",\"position\":2,\"name\":\"Rechtliche Hinweise\"}]},{\"@type\":\"WebSite\",\"@id\":\"https:\/\/www.lbi.fr\/de\/#website\",\"url\":\"https:\/\/www.lbi.fr\/de\/\",\"name\":\"Les Bronzes d&#039;Industrie\",\"description\":\"\",\"publisher\":{\"@id\":\"https:\/\/www.lbi.fr\/de\/#organization\"},\"potentialAction\":[{\"@type\":\"SearchAction\",\"target\":{\"@type\":\"EntryPoint\",\"urlTemplate\":\"https:\/\/www.lbi.fr\/de\/?s={search_term_string}\"},\"query-input\":{\"@type\":\"PropertyValueSpecification\",\"valueRequired\":true,\"valueName\":\"search_term_string\"}}],\"inLanguage\":\"de\"},{\"@type\":\"Organization\",\"@id\":\"https:\/\/www.lbi.fr\/de\/#organization\",\"name\":\"Les Bronzes d'Industrie\",\"url\":\"https:\/\/www.lbi.fr\/de\/\",\"logo\":{\"@type\":\"ImageObject\",\"inLanguage\":\"de\",\"@id\":\"https:\/\/www.lbi.fr\/de\/#\/schema\/logo\/image\/\",\"url\":\"https:\/\/www.lbi.fr\/wp-content\/uploads\/LBI-Logo-RVB.png\",\"contentUrl\":\"https:\/\/www.lbi.fr\/wp-content\/uploads\/LBI-Logo-RVB.png\",\"width\":800,\"height\":600,\"caption\":\"Les Bronzes d'Industrie\"},\"image\":{\"@id\":\"https:\/\/www.lbi.fr\/de\/#\/schema\/logo\/image\/\"},\"sameAs\":[\"https:\/\/www.linkedin.com\/company\/lbi-lesbronzesd'industrie\/\"]}]}<\/script>\n<!-- \/ Yoast SEO plugin. -->","yoast_head_json":{"title":"Rechtliche Hinweise - Les Bronzes d&#039;Industrie","robots":{"index":"noindex","follow":"follow"},"og_locale":"de_DE","og_type":"article","og_title":"Rechtliche Hinweise - Les Bronzes d&#039;Industrie","og_description":"Rechtliche Hinweise Herausgeber Diese Website ist Eigentum des Unternehmens Les Bronzes d&#8217;Industrie, auch LBI genannt, mit Sitz in: 26 rue de la R\u00e9publique57360 Amn\u00e9ville &#8211; Frankreich Soci\u00e9t\u00e9 Anonyme \u00e0 Conseil d&#8217;Administration (SA) mit einem Stammkapital von 1\u00a0200\u00a0650,00 \u20ac RCS Metz Nr. 356 800 896 SIRET Nr. 356 800 896 00017 NAF Nr. 2454Z Intrakommunale Mehrwertsteuer [&hellip;]","og_url":"https:\/\/www.lbi.fr\/de\/rechtliche-hinweise\/","og_site_name":"Les Bronzes d&#039;Industrie","article_modified_time":"2025-10-24T14:49:56+00:00","twitter_card":"summary_large_image","twitter_misc":{"Gesch\u00e4tzte Lesezeit":"5\u00a0Minuten"},"schema":{"@context":"https:\/\/schema.org","@graph":[{"@type":"WebPage","@id":"https:\/\/www.lbi.fr\/de\/rechtliche-hinweise\/","url":"https:\/\/www.lbi.fr\/de\/rechtliche-hinweise\/","name":"Rechtliche Hinweise - Les Bronzes d&#039;Industrie","isPartOf":{"@id":"https:\/\/www.lbi.fr\/de\/#website"},"datePublished":"2022-10-18T15:25:02+00:00","dateModified":"2025-10-24T14:49:56+00:00","breadcrumb":{"@id":"https:\/\/www.lbi.fr\/de\/rechtliche-hinweise\/#breadcrumb"},"inLanguage":"de","potentialAction":[{"@type":"ReadAction","target":["https:\/\/www.lbi.fr\/de\/rechtliche-hinweise\/"]}]},{"@type":"BreadcrumbList","@id":"https:\/\/www.lbi.fr\/de\/rechtliche-hinweise\/#breadcrumb","itemListElement":[{"@type":"ListItem","position":1,"name":"Accueil","item":"https:\/\/www.lbi.fr\/de\/"},{"@type":"ListItem","position":2,"name":"Rechtliche Hinweise"}]},{"@type":"WebSite","@id":"https:\/\/www.lbi.fr\/de\/#website","url":"https:\/\/www.lbi.fr\/de\/","name":"Les Bronzes d&#039;Industrie","description":"","publisher":{"@id":"https:\/\/www.lbi.fr\/de\/#organization"},"potentialAction":[{"@type":"SearchAction","target":{"@type":"EntryPoint","urlTemplate":"https:\/\/www.lbi.fr\/de\/?s={search_term_string}"},"query-input":{"@type":"PropertyValueSpecification","valueRequired":true,"valueName":"search_term_string"}}],"inLanguage":"de"},{"@type":"Organization","@id":"https:\/\/www.lbi.fr\/de\/#organization","name":"Les Bronzes d'Industrie","url":"https:\/\/www.lbi.fr\/de\/","logo":{"@type":"ImageObject","inLanguage":"de","@id":"https:\/\/www.lbi.fr\/de\/#\/schema\/logo\/image\/","url":"https:\/\/www.lbi.fr\/wp-content\/uploads\/LBI-Logo-RVB.png","contentUrl":"https:\/\/www.lbi.fr\/wp-content\/uploads\/LBI-Logo-RVB.png","width":800,"height":600,"caption":"Les Bronzes d'Industrie"},"image":{"@id":"https:\/\/www.lbi.fr\/de\/#\/schema\/logo\/image\/"},"sameAs":["https:\/\/www.linkedin.com\/company\/lbi-lesbronzesd'industrie\/"]}]}},"_links":{"self":[{"href":"https:\/\/www.lbi.fr\/de\/wp-json\/wp\/v2\/pages\/1554","targetHints":{"allow":["GET"]}}],"collection":[{"href":"https:\/\/www.lbi.fr\/de\/wp-json\/wp\/v2\/pages"}],"about":[{"href":"https:\/\/www.lbi.fr\/de\/wp-json\/wp\/v2\/types\/page"}],"author":[{"embeddable":true,"href":"https:\/\/www.lbi.fr\/de\/wp-json\/wp\/v2\/users\/4"}],"replies":[{"embeddable":true,"href":"https:\/\/www.lbi.fr\/de\/wp-json\/wp\/v2\/comments?post=1554"}],"version-history":[{"count":0,"href":"https:\/\/www.lbi.fr\/de\/wp-json\/wp\/v2\/pages\/1554\/revisions"}],"wp:attachment":[{"href":"https:\/\/www.lbi.fr\/de\/wp-json\/wp\/v2\/media?parent=1554"}],"curies":[{"name":"wp","href":"https:\/\/api.w.org\/{rel}","templated":true}]}}