{"id":1544,"date":"2022-10-18T16:20:43","date_gmt":"2022-10-18T15:20:43","guid":{"rendered":"https:\/\/www.lbi.fr\/?page_id=1544"},"modified":"2022-10-21T11:29:22","modified_gmt":"2022-10-21T10:29:22","slug":"kunstgiesserei","status":"publish","type":"page","link":"https:\/\/www.lbi.fr\/de\/kunstgiesserei\/","title":{"rendered":"Kunstgie\u00dferei"},"content":{"rendered":"<h1><span class=\"uk-text-primary\">Kunstgie\u00dferei<\/span><\/h1>\n<div>\n<p>Haupts\u00e4chlich aus Aluminiumbronze-Legierungen im Sand- oder Schleudergussverfahren hergestellt, arbeiten wir an zahlreichen Kunstwerken mit sehr unterschiedlichen Formen und Gr\u00f6\u00dfen. Dank der unterschiedlichen Kompetenzen und einzigartigen F\u00e4higkeiten unserer sechs Gie\u00dfereien, die sich alle in Frankreich befinden, sind wir in der Lage, Ihre Projekte zu realisieren.<\/p>\n<\/div>\n<h2>Monumentale Kunstwerke<\/h2>\n<h2>Technische Kunstwerke<\/h2>\n<h2>Sand- oder Schleuderguss<\/h2>\n<h2>Zahlreiche Legierungsvarianten<\/h2>\n<h2>Realisierte Beispiele<\/h2>\n<hr>\n<ul>\n<li>\n<p>        <img decoding=\"async\" src=\"\/wp-content\/uploads\/LBI-Fonderie-dart-Galleries-photos-03.jpg\" alt=\"Les Bronzes d'Industrie - Kunstgie\u00dferei - Skulptur aus vergoldetem Aluminiumbronze - \"Tremblement de ciel\" (Himmelszittern)\"><\/p>\n<h3>LBI &#8211; Sculpture en cupro-aluminium dor\u00e9e \u00e0 l&#8217;or &#8211; &#8222;Tremblement de ciel&#8220;<\/h3>\n<p><a href=\"\/wp-content\/uploads\/LBI-Fonderie-dart-Galleries-photos-03.jpg\"><\/a><\/p>\n<\/li>\n<li>\n<p>        <img decoding=\"async\" src=\"\/wp-content\/uploads\/LBI-Fonderie-dart-Galleries-photos-02.jpg\" alt=\"Les Bronzes d'Industrie - Kunstgie\u00dferei - Skulptur aus vergoldetem Aluminiumbronze - \"Tremblement de ciel\" (Himmelszittern)\"><\/p>\n<h3>LBI &#8211; Sculpture en cupro-aluminium dor\u00e9e \u00e0 l&#8217;or &#8211; &#8222;Tremblement de ciel&#8220;<\/h3>\n<p><a href=\"\/wp-content\/uploads\/LBI-Fonderie-dart-Galleries-photos-02.jpg\"><\/a><\/p>\n<\/li>\n<li>\n<p>        <img decoding=\"async\" src=\"\/wp-content\/uploads\/LBI-Fonderie-dart-Galleries-photos-01.jpg\" alt=\"Les Bronzes d'Industrie - Kunstgie\u00dferei  - C\u00e4sars Daumen, Vorplatz des Centre Pompidou, Paris\"><\/p>\n<h3>LBI &#8211; Pouce de C\u00e9sar &#8211; Parvis du centre Pompidou <\/h3>\n<p><a href=\"\/wp-content\/uploads\/LBI-Fonderie-dart-Galleries-photos-01.jpg\"><\/a><\/p>\n<\/li>\n<li>\n<p>        <img decoding=\"async\" src=\"\/wp-content\/uploads\/LBI-Fonderie-dart-Galleries-photos-05.jpg\" alt=\"Les Bronzes d'Industrie - Kunstgie\u00dferei  - Fresques FLICKINGER im Auditorium von Hagondange\"><\/p>\n<h3>LBI &#8211; Fresques FLICKINGER a\u0300 d&#8217;auditorium d&#8217;Hagondange <\/h3>\n<p><a href=\"\/wp-content\/uploads\/LBI-Fonderie-dart-Galleries-photos-05.jpg\"><\/a><\/p>\n<\/li>\n<li>\n<p>        <img decoding=\"async\" src=\"\/wp-content\/uploads\/LBI-Fonderie-dart-Galleries-photos-06.jpg\" alt=\"Les Bronzes d'Industrie - Kunstgie\u00dferei  - Fresques FLICKINGER im Auditorium von Hagondange\"><\/p>\n<h3>LBI &#8211; Fresques FLICKINGER a\u0300 d&#8217;auditorium d&#8217;Hagondange <\/h3>\n<p><a href=\"\/wp-content\/uploads\/LBI-Fonderie-dart-Galleries-photos-06.jpg\"><\/a><\/p>\n<\/li>\n<li>\n<p>        <img decoding=\"async\" src=\"\/wp-content\/uploads\/LBI-Fonderie-dart-Galleries-photos-07.jpg\" alt=\"Les Bronzes d'Industrie - Kunstgie\u00dferei  - Fresques FLICKINGER im Auditorium von Hagondange\"><\/p>\n<h3>LBI -Fresques FLICKINGER a\u0300 d&#8217;auditorium d&#8217;Hagondange <\/h3>\n<p><a href=\"\/wp-content\/uploads\/LBI-Fonderie-dart-Galleries-photos-07.jpg\"><\/a><\/p>\n<\/li>\n<li>\n<p>        <img decoding=\"async\" src=\"\/wp-content\/uploads\/LBI-Fonderie-dart-Galleries-photos-08.jpg\" alt=\"Les Bronzes d'Industrie - Kunstgie\u00dferei  - Fresques FLICKINGER im Auditorium von Hagondange\"><\/p>\n<h3>LBI &#8211; Fresques FLICKINGER a\u0300 d&#8217;auditorium d&#8217;Hagondange <\/h3>\n<p><a href=\"\/wp-content\/uploads\/LBI-Fonderie-dart-Galleries-photos-08.jpg\"><\/a><\/p>\n<\/li>\n<li>\n<p>        <img decoding=\"async\" src=\"\/wp-content\/uploads\/LBI-Fonderie-dart-Galleries-photos-09.jpg\" alt=\"Les Bronzes d'Industrie - Kunstgie\u00dferei  - Fresques FLICKINGER im Auditorium von Hagondange\"><\/p>\n<h3>LBI &#8211; Fresques FLICKINGER a\u0300 d&#8217;auditorium d&#8217;Hagondange <\/h3>\n<p><a href=\"\/wp-content\/uploads\/LBI-Fonderie-dart-Galleries-photos-09.jpg\"><\/a><\/p>\n<\/li>\n<li>\n<p>        <img decoding=\"async\" src=\"\/wp-content\/uploads\/LBI-Fonderie-dart-Galleries-photos-04.jpg\" alt=\"Les Bronzes d'Industrie - Kunstgie\u00dferei - Fahnenmasten aus Aluminiumbronze, B\u00f6rse, Paris\"><\/p>\n<h3>LBI &#8211; M\u00e2ts porte-drapeaux en Cupro Aluminium &#8211; Bourse du Commerce &#8211; Paris<\/h3>\n<p><a href=\"\/wp-content\/uploads\/LBI-Fonderie-dart-Galleries-photos-04.jpg\"><\/a><\/p>\n<\/li>\n<li>\n<p>        <img decoding=\"async\" src=\"\/wp-content\/uploads\/LBI-Fonderie-dart-Galleries-photos-10.jpg\" alt=\"Les Bronzes d'Industrie - Kunstgie\u00dferei - Champs-Elys\u00e9es-Brunnen, Ronan &#038; Erwan Bouroullec, Paris\"><\/p>\n<h3>LBI &#8211; Fontaine des Champs-Elys\u00e9es &#8211; Ronan &#038; Erwan Bouroullec <\/h3>\n<p><a href=\"\/wp-content\/uploads\/LBI-Fonderie-dart-Galleries-photos-07.jpg\"><\/a><\/p>\n<\/li>\n<\/ul>\n<p><!--more--><br \/>\n<!-- {\"type\":\"layout\",\"children\":[{\"name\":\"Hero\",\"type\":\"section\",\"props\":{\"width\":\"default\",\"padding\":\"large\",\"style\":\"secondary\",\"media\":\"images\\\/casestudy-header.jpg\",\"image\":\"wp-content\\\/uploads\\\/LBI-Fonderie-dart-Bandeaux.jpg\",\"media_advanced\":true,\"image_size\":\"cover\",\"media_background\":\"#fff\",\"media_overlay\":\"rgba(0, 0, 0, 0.45)\",\"image_fixed\":true,\"image_position\":\"center-center\",\"vertical_align\":\"middle\",\"title_position\":\"top-left\",\"title_rotation\":\"left\",\"title_breakpoint\":\"xl\",\"media_blend_mode\":\"multiply\",\"header_transparent\":\"light\",\"header_transparent_noplaceholder\":false},\"children\":[{\"name\":\"\",\"type\":\"row\",\"children\":[{\"name\":\"\",\"type\":\"column\",\"props\":{\"image_position\":\"center-center\",\"media_overlay_gradient\":\"\",\"width_medium\":\"1-1\",\"vertical_align\":\"middle\",\"position_sticky_breakpoint\":\"m\"},\"children\":[{\"name\":\"\",\"type\":\"headline\",\"props\":{\"title_element\":\"h1\",\"title_style\":\"heading-large\",\"text_align\":\"left\",\"content\":\"<span class=\\\"uk-text-primary\\\">Kunstgie\\u00dferei<\\\/span>\",\"margin_remove_top\":true,\"css\":\".el-element .uk-text-primary {\\n    color: #FFB932 !important;\\n}\"}},{\"name\":\"\",\"type\":\"text\",\"props\":{\"column_breakpoint\":\"m\",\"text_align\":\"justify\",\"maxwidth\":\"xlarge\",\"margin\":\"\",\"content\":\"\n\n<p>Haupts\\u00e4chlich aus Aluminiumbronze-Legierungen im Sand- oder Schleudergussverfahren hergestellt, arbeiten wir an zahlreichen Kunstwerken mit sehr unterschiedlichen Formen und Gr\\u00f6\\u00dfen. Dank der unterschiedlichen Kompetenzen und einzigartigen F\\u00e4higkeiten unserer sechs Gie\\u00dfereien, die sich alle in Frankreich befinden, sind wir in der Lage, Ihre Projekte zu realisieren.<\\\/p>\",\"text_color\":\"emphasis\",\"class\":\"\",\"block_align\":\"center\"}}]}]}],\"modified\":\"2021-10-12T14:05:03.680Z\"},{\"name\":\"Arguments\",\"type\":\"section\",\"props\":{\"width\":\"default\",\"style\":\"default\",\"image_size\":\"cover\",\"image_position\":\"center-center\",\"vertical_align\":\"middle\",\"title_position\":\"top-left\",\"title_rotation\":\"left\",\"title_breakpoint\":\"xl\",\"id\":\"arguments\",\"padding_remove_top\":false},\"children\":[{\"name\":\"\",\"type\":\"row\",\"children\":[{\"name\":\"\",\"type\":\"column\",\"props\":{\"image_position\":\"center-center\",\"media_overlay_gradient\":\"\",\"width_medium\":\"\",\"position_sticky_breakpoint\":\"m\"},\"children\":[{\"name\":\"\",\"type\":\"headline\",\"props\":{\"title_element\":\"h2\",\"content\":\"Monumentale Kunstwerke\",\"title_color\":\"primary\",\"title_style\":\"h1\",\"text_align\":\"center\",\"margin\":\"small\"}},{\"name\":\"\",\"type\":\"headline\",\"props\":{\"title_element\":\"h2\",\"content\":\"Technische Kunstwerke\",\"title_color\":\"primary\",\"title_style\":\"h1\",\"text_align\":\"center\",\"margin\":\"small\"}},{\"name\":\"\",\"type\":\"headline\",\"props\":{\"title_element\":\"h2\",\"content\":\"Sand- oder Schleuderguss\",\"title_color\":\"primary\",\"title_style\":\"h1\",\"text_align\":\"center\",\"margin\":\"small\"}},{\"name\":\"\",\"type\":\"headline\",\"props\":{\"title_element\":\"h2\",\"content\":\"Zahlreiche Legierungsvarianten\",\"title_color\":\"primary\",\"title_style\":\"h1\",\"text_align\":\"center\",\"margin\":\"small\"}}]}]}]},{\"name\":\"Exemples de r\\u00e9alisations\",\"type\":\"section\",\"props\":{\"width\":\"default\",\"style\":\"default\",\"image_size\":\"contain\",\"image_position\":\"center-center\",\"vertical_align\":\"middle\",\"title_position\":\"top-left\",\"title_rotation\":\"left\",\"title_breakpoint\":\"xl\",\"id\":\"realisations\",\"image\":\"\",\"padding_remove_bottom\":false},\"children\":[{\"name\":\"\",\"type\":\"row\",\"children\":[{\"name\":\"\",\"type\":\"column\",\"props\":{\"image_position\":\"center-center\",\"media_overlay_gradient\":\"\",\"width_medium\":\"\",\"position_sticky_breakpoint\":\"m\"},\"children\":[{\"name\":\"\",\"type\":\"headline\",\"props\":{\"title_element\":\"h2\",\"content\":\"Realisierte Beispiele\"}},{\"type\":\"divider\",\"props\":{\"divider_element\":\"hr\",\"divider_style\":\"small\",\"margin_remove_top\":false}}]}]},{\"name\":\"\",\"type\":\"row\",\"children\":[{\"name\":\"\",\"type\":\"column\",\"props\":{\"image_position\":\"center-center\",\"media_overlay_gradient\":\"\",\"width_medium\":\"\",\"position_sticky_breakpoint\":\"m\"},\"children\":[{\"type\":\"gallery\",\"props\":{\"show_title\":true,\"show_meta\":false,\"show_content\":false,\"show_link\":true,\"show_hover_image\":true,\"grid_default\":\"1\",\"grid_medium\":\"\",\"filter_style\":\"tab\",\"filter_all\":true,\"filter_position\":\"top\",\"filter_align\":\"left\",\"filter_grid_width\":\"auto\",\"filter_grid_breakpoint\":\"m\",\"overlay_mode\":\"cover\",\"overlay_hover\":true,\"overlay_style\":\"\",\"text_color\":\"dark\",\"overlay_position\":\"center\",\"overlay_transition\":\"scale-up\",\"title_hover_style\":\"reset\",\"title_element\":\"h3\",\"meta_style\":\"text-meta\",\"meta_align\":\"below-title\",\"meta_element\":\"div\",\"link_text\":\"\",\"link_style\":\"\",\"text_align\":\"center\",\"margin\":\"default\",\"item_animation\":true,\"grid_small\":\"2\",\"overlay_transition_background\":false,\"grid_column_gap\":\"medium\",\"grid_row_gap\":\"medium\",\"lightbox\":true,\"title_display\":\"lightbox\",\"content_display\":\"lightbox\",\"image_width\":\"720\",\"image_height\":\"480\",\"overlay_link\":true,\"text_color_hover\":false,\"overlay_padding\":\"none\",\"title_style\":\"h4\",\"css\":\".el-item:hover > div {\\n    display: none;\\n}\",\"parallax_easing\":\"1\"},\"children\":[{\"type\":\"gallery_item\",\"props\":{\"title\":\"LBI - Sculpture en cupro-aluminium dor\\u00e9e \\u00e0 l'or - \\\"Tremblement de ciel\\\"\",\"link\":\"wp-content\\\/uploads\\\/LBI-Fonderie-dart-Galleries-photos-03.jpg\",\"image\":\"wp-content\\\/uploads\\\/LBI-Fonderie-dart-Galleries-photos-03.jpg\",\"image_alt\":\"Les Bronzes d'Industrie - Kunstgie\\u00dferei - Skulptur aus vergoldetem Aluminiumbronze - \\\"Tremblement de ciel\\\" (Himmelszittern)\"}},{\"type\":\"gallery_item\",\"props\":{\"title\":\"LBI - Sculpture en cupro-aluminium dor\\u00e9e \\u00e0 l'or - \\\"Tremblement de ciel\\\"\",\"link\":\"wp-content\\\/uploads\\\/LBI-Fonderie-dart-Galleries-photos-02.jpg\",\"image\":\"wp-content\\\/uploads\\\/LBI-Fonderie-dart-Galleries-photos-02.jpg\",\"image_alt\":\"Les Bronzes d'Industrie - Kunstgie\\u00dferei - Skulptur aus vergoldetem Aluminiumbronze - \\\"Tremblement de ciel\\\" (Himmelszittern)\"}},{\"type\":\"gallery_item\",\"props\":{\"title\":\"LBI - Pouce de C\\u00e9sar - Parvis du centre Pompidou \",\"link\":\"wp-content\\\/uploads\\\/LBI-Fonderie-dart-Galleries-photos-01.jpg\",\"image\":\"wp-content\\\/uploads\\\/LBI-Fonderie-dart-Galleries-photos-01.jpg\",\"image_alt\":\"Les Bronzes d'Industrie - Kunstgie\\u00dferei  - C\\u00e4sars Daumen, Vorplatz des Centre Pompidou, Paris\"}},{\"type\":\"gallery_item\",\"props\":{\"title\":\"LBI - Fresques FLICKINGER a\\u0300 d'auditorium d'Hagondange \",\"link\":\"wp-content\\\/uploads\\\/LBI-Fonderie-dart-Galleries-photos-05.jpg\",\"image\":\"wp-content\\\/uploads\\\/LBI-Fonderie-dart-Galleries-photos-05.jpg\",\"image_alt\":\"Les Bronzes d'Industrie - Kunstgie\\u00dferei  - Fresques FLICKINGER im Auditorium von Hagondange\"}},{\"type\":\"gallery_item\",\"props\":{\"title\":\"LBI - Fresques FLICKINGER a\\u0300 d'auditorium d'Hagondange \",\"link\":\"wp-content\\\/uploads\\\/LBI-Fonderie-dart-Galleries-photos-06.jpg\",\"image\":\"wp-content\\\/uploads\\\/LBI-Fonderie-dart-Galleries-photos-06.jpg\",\"image_alt\":\"Les Bronzes d'Industrie - Kunstgie\\u00dferei  - Fresques FLICKINGER im Auditorium von Hagondange\"}},{\"type\":\"gallery_item\",\"props\":{\"title\":\"LBI -Fresques FLICKINGER a\\u0300 d'auditorium d'Hagondange \",\"link\":\"wp-content\\\/uploads\\\/LBI-Fonderie-dart-Galleries-photos-07.jpg\",\"image\":\"wp-content\\\/uploads\\\/LBI-Fonderie-dart-Galleries-photos-07.jpg\",\"image_alt\":\"Les Bronzes d'Industrie - Kunstgie\\u00dferei  - Fresques FLICKINGER im Auditorium von Hagondange\"}},{\"type\":\"gallery_item\",\"props\":{\"title\":\"LBI - Fresques FLICKINGER a\\u0300 d'auditorium d'Hagondange \",\"link\":\"wp-content\\\/uploads\\\/LBI-Fonderie-dart-Galleries-photos-08.jpg\",\"image\":\"wp-content\\\/uploads\\\/LBI-Fonderie-dart-Galleries-photos-08.jpg\",\"image_alt\":\"Les Bronzes d'Industrie - Kunstgie\\u00dferei  - Fresques FLICKINGER im Auditorium von Hagondange\"}},{\"type\":\"gallery_item\",\"props\":{\"title\":\"LBI - Fresques FLICKINGER a\\u0300 d'auditorium d'Hagondange \",\"link\":\"wp-content\\\/uploads\\\/LBI-Fonderie-dart-Galleries-photos-09.jpg\",\"image\":\"wp-content\\\/uploads\\\/LBI-Fonderie-dart-Galleries-photos-09.jpg\",\"image_alt\":\"Les Bronzes d'Industrie - Kunstgie\\u00dferei  - Fresques FLICKINGER im Auditorium von Hagondange\"}},{\"type\":\"gallery_item\",\"props\":{\"title\":\"LBI - M\\u00e2ts porte-drapeaux en Cupro Aluminium - Bourse du Commerce - Paris\",\"link\":\"wp-content\\\/uploads\\\/LBI-Fonderie-dart-Galleries-photos-04.jpg\",\"image\":\"wp-content\\\/uploads\\\/LBI-Fonderie-dart-Galleries-photos-04.jpg\",\"image_alt\":\"Les Bronzes d'Industrie - Kunstgie\\u00dferei - Fahnenmasten aus Aluminiumbronze, B\\u00f6rse, Paris\"}},{\"type\":\"gallery_item\",\"props\":{\"title\":\"LBI - Fontaine des Champs-Elys\\u00e9es - Ronan & Erwan Bouroullec \",\"link\":\"wp-content\\\/uploads\\\/LBI-Fonderie-dart-Galleries-photos-07.jpg\",\"image\":\"wp-content\\\/uploads\\\/LBI-Fonderie-dart-Galleries-photos-10.jpg\",\"image_alt\":\"Les Bronzes d'Industrie - Kunstgie\\u00dferei - Champs-Elys\\u00e9es-Brunnen, Ronan & Erwan Bouroullec, Paris\"}}]}]}]}]}],\"version\":\"3.0.5\"} --><\/p>\n","protected":false},"excerpt":{"rendered":"<p>Kunstgie\u00dferei Haupts\u00e4chlich aus Aluminiumbronze-Legierungen im Sand- oder Schleudergussverfahren hergestellt, arbeiten wir an zahlreichen Kunstwerken mit sehr unterschiedlichen Formen und Gr\u00f6\u00dfen. Dank der unterschiedlichen Kompetenzen und einzigartigen F\u00e4higkeiten unserer sechs Gie\u00dfereien, die sich alle in Frankreich befinden, sind wir in der Lage, Ihre Projekte zu realisieren. Monumentale Kunstwerke Technische Kunstwerke Sand- oder Schleuderguss Zahlreiche Legierungsvarianten Realisierte [&hellip;]<\/p>\n","protected":false},"author":4,"featured_media":0,"parent":0,"menu_order":4,"comment_status":"closed","ping_status":"closed","template":"","meta":{"_acf_changed":false,"footnotes":""},"class_list":["post-1544","page","type-page","status-publish","hentry"],"acf":[],"yoast_head":"<!-- This site is optimized with the Yoast SEO plugin v26.8 - https:\/\/yoast.com\/product\/yoast-seo-wordpress\/ -->\n<title>Kunstgie\u00dferei - Les Bronzes d&#039;Industrie<\/title>\n<meta name=\"description\" content=\"Kunstwerke aus Aluminiummehrstoffbronze-Legierungen, die im Sand- oder Schleudergussverfahren hergestellt werden, dank der einzigartigen F\u00e4higkeiten und Kapazit\u00e4ten unserer Gie\u00dfereien.\" \/>\n<meta name=\"robots\" content=\"index, follow, max-snippet:-1, max-image-preview:large, max-video-preview:-1\" \/>\n<link rel=\"canonical\" href=\"https:\/\/www.lbi.fr\/de\/kunstgiesserei\/\" \/>\n<meta property=\"og:locale\" content=\"de_DE\" \/>\n<meta property=\"og:type\" content=\"article\" \/>\n<meta property=\"og:title\" content=\"Kunstgie\u00dferei - Les Bronzes d&#039;Industrie\" \/>\n<meta property=\"og:description\" content=\"Kunstwerke aus Aluminiummehrstoffbronze-Legierungen, die im Sand- oder Schleudergussverfahren hergestellt werden, dank der einzigartigen F\u00e4higkeiten und Kapazit\u00e4ten unserer Gie\u00dfereien.\" \/>\n<meta property=\"og:url\" content=\"https:\/\/www.lbi.fr\/de\/kunstgiesserei\/\" \/>\n<meta property=\"og:site_name\" content=\"Les Bronzes d&#039;Industrie\" \/>\n<meta property=\"article:modified_time\" content=\"2022-10-21T10:29:22+00:00\" \/>\n<meta name=\"twitter:card\" content=\"summary_large_image\" \/>\n<meta name=\"twitter:label1\" content=\"Gesch\u00e4tzte Lesezeit\" \/>\n\t<meta name=\"twitter:data1\" content=\"5\u00a0Minuten\" \/>\n<script type=\"application\/ld+json\" class=\"yoast-schema-graph\">{\"@context\":\"https:\/\/schema.org\",\"@graph\":[{\"@type\":\"WebPage\",\"@id\":\"https:\/\/www.lbi.fr\/de\/kunstgiesserei\/\",\"url\":\"https:\/\/www.lbi.fr\/de\/kunstgiesserei\/\",\"name\":\"Kunstgie\u00dferei - Les Bronzes d&#039;Industrie\",\"isPartOf\":{\"@id\":\"https:\/\/www.lbi.fr\/de\/#website\"},\"datePublished\":\"2022-10-18T15:20:43+00:00\",\"dateModified\":\"2022-10-21T10:29:22+00:00\",\"description\":\"Kunstwerke aus Aluminiummehrstoffbronze-Legierungen, die im Sand- oder Schleudergussverfahren hergestellt werden, dank der einzigartigen F\u00e4higkeiten und Kapazit\u00e4ten unserer Gie\u00dfereien.\",\"breadcrumb\":{\"@id\":\"https:\/\/www.lbi.fr\/de\/kunstgiesserei\/#breadcrumb\"},\"inLanguage\":\"de\",\"potentialAction\":[{\"@type\":\"ReadAction\",\"target\":[\"https:\/\/www.lbi.fr\/de\/kunstgiesserei\/\"]}]},{\"@type\":\"BreadcrumbList\",\"@id\":\"https:\/\/www.lbi.fr\/de\/kunstgiesserei\/#breadcrumb\",\"itemListElement\":[{\"@type\":\"ListItem\",\"position\":1,\"name\":\"Accueil\",\"item\":\"https:\/\/www.lbi.fr\/de\/\"},{\"@type\":\"ListItem\",\"position\":2,\"name\":\"Kunstgie\u00dferei\"}]},{\"@type\":\"WebSite\",\"@id\":\"https:\/\/www.lbi.fr\/de\/#website\",\"url\":\"https:\/\/www.lbi.fr\/de\/\",\"name\":\"Les Bronzes d&#039;Industrie\",\"description\":\"\",\"publisher\":{\"@id\":\"https:\/\/www.lbi.fr\/de\/#organization\"},\"potentialAction\":[{\"@type\":\"SearchAction\",\"target\":{\"@type\":\"EntryPoint\",\"urlTemplate\":\"https:\/\/www.lbi.fr\/de\/?s={search_term_string}\"},\"query-input\":{\"@type\":\"PropertyValueSpecification\",\"valueRequired\":true,\"valueName\":\"search_term_string\"}}],\"inLanguage\":\"de\"},{\"@type\":\"Organization\",\"@id\":\"https:\/\/www.lbi.fr\/de\/#organization\",\"name\":\"Les Bronzes d'Industrie\",\"url\":\"https:\/\/www.lbi.fr\/de\/\",\"logo\":{\"@type\":\"ImageObject\",\"inLanguage\":\"de\",\"@id\":\"https:\/\/www.lbi.fr\/de\/#\/schema\/logo\/image\/\",\"url\":\"https:\/\/www.lbi.fr\/wp-content\/uploads\/LBI-Logo-RVB.png\",\"contentUrl\":\"https:\/\/www.lbi.fr\/wp-content\/uploads\/LBI-Logo-RVB.png\",\"width\":800,\"height\":600,\"caption\":\"Les Bronzes d'Industrie\"},\"image\":{\"@id\":\"https:\/\/www.lbi.fr\/de\/#\/schema\/logo\/image\/\"},\"sameAs\":[\"https:\/\/www.linkedin.com\/company\/lbi-lesbronzesd'industrie\/\"]}]}<\/script>\n<!-- \/ Yoast SEO plugin. -->","yoast_head_json":{"title":"Kunstgie\u00dferei - Les Bronzes d&#039;Industrie","description":"Kunstwerke aus Aluminiummehrstoffbronze-Legierungen, die im Sand- oder Schleudergussverfahren hergestellt werden, dank der einzigartigen F\u00e4higkeiten und Kapazit\u00e4ten unserer Gie\u00dfereien.","robots":{"index":"index","follow":"follow","max-snippet":"max-snippet:-1","max-image-preview":"max-image-preview:large","max-video-preview":"max-video-preview:-1"},"canonical":"https:\/\/www.lbi.fr\/de\/kunstgiesserei\/","og_locale":"de_DE","og_type":"article","og_title":"Kunstgie\u00dferei - Les Bronzes d&#039;Industrie","og_description":"Kunstwerke aus Aluminiummehrstoffbronze-Legierungen, die im Sand- oder Schleudergussverfahren hergestellt werden, dank der einzigartigen F\u00e4higkeiten und Kapazit\u00e4ten unserer Gie\u00dfereien.","og_url":"https:\/\/www.lbi.fr\/de\/kunstgiesserei\/","og_site_name":"Les Bronzes d&#039;Industrie","article_modified_time":"2022-10-21T10:29:22+00:00","twitter_card":"summary_large_image","twitter_misc":{"Gesch\u00e4tzte Lesezeit":"5\u00a0Minuten"},"schema":{"@context":"https:\/\/schema.org","@graph":[{"@type":"WebPage","@id":"https:\/\/www.lbi.fr\/de\/kunstgiesserei\/","url":"https:\/\/www.lbi.fr\/de\/kunstgiesserei\/","name":"Kunstgie\u00dferei - Les Bronzes d&#039;Industrie","isPartOf":{"@id":"https:\/\/www.lbi.fr\/de\/#website"},"datePublished":"2022-10-18T15:20:43+00:00","dateModified":"2022-10-21T10:29:22+00:00","description":"Kunstwerke aus Aluminiummehrstoffbronze-Legierungen, die im Sand- oder Schleudergussverfahren hergestellt werden, dank der einzigartigen F\u00e4higkeiten und Kapazit\u00e4ten unserer Gie\u00dfereien.","breadcrumb":{"@id":"https:\/\/www.lbi.fr\/de\/kunstgiesserei\/#breadcrumb"},"inLanguage":"de","potentialAction":[{"@type":"ReadAction","target":["https:\/\/www.lbi.fr\/de\/kunstgiesserei\/"]}]},{"@type":"BreadcrumbList","@id":"https:\/\/www.lbi.fr\/de\/kunstgiesserei\/#breadcrumb","itemListElement":[{"@type":"ListItem","position":1,"name":"Accueil","item":"https:\/\/www.lbi.fr\/de\/"},{"@type":"ListItem","position":2,"name":"Kunstgie\u00dferei"}]},{"@type":"WebSite","@id":"https:\/\/www.lbi.fr\/de\/#website","url":"https:\/\/www.lbi.fr\/de\/","name":"Les Bronzes d&#039;Industrie","description":"","publisher":{"@id":"https:\/\/www.lbi.fr\/de\/#organization"},"potentialAction":[{"@type":"SearchAction","target":{"@type":"EntryPoint","urlTemplate":"https:\/\/www.lbi.fr\/de\/?s={search_term_string}"},"query-input":{"@type":"PropertyValueSpecification","valueRequired":true,"valueName":"search_term_string"}}],"inLanguage":"de"},{"@type":"Organization","@id":"https:\/\/www.lbi.fr\/de\/#organization","name":"Les Bronzes d'Industrie","url":"https:\/\/www.lbi.fr\/de\/","logo":{"@type":"ImageObject","inLanguage":"de","@id":"https:\/\/www.lbi.fr\/de\/#\/schema\/logo\/image\/","url":"https:\/\/www.lbi.fr\/wp-content\/uploads\/LBI-Logo-RVB.png","contentUrl":"https:\/\/www.lbi.fr\/wp-content\/uploads\/LBI-Logo-RVB.png","width":800,"height":600,"caption":"Les Bronzes d'Industrie"},"image":{"@id":"https:\/\/www.lbi.fr\/de\/#\/schema\/logo\/image\/"},"sameAs":["https:\/\/www.linkedin.com\/company\/lbi-lesbronzesd'industrie\/"]}]}},"_links":{"self":[{"href":"https:\/\/www.lbi.fr\/de\/wp-json\/wp\/v2\/pages\/1544","targetHints":{"allow":["GET"]}}],"collection":[{"href":"https:\/\/www.lbi.fr\/de\/wp-json\/wp\/v2\/pages"}],"about":[{"href":"https:\/\/www.lbi.fr\/de\/wp-json\/wp\/v2\/types\/page"}],"author":[{"embeddable":true,"href":"https:\/\/www.lbi.fr\/de\/wp-json\/wp\/v2\/users\/4"}],"replies":[{"embeddable":true,"href":"https:\/\/www.lbi.fr\/de\/wp-json\/wp\/v2\/comments?post=1544"}],"version-history":[{"count":0,"href":"https:\/\/www.lbi.fr\/de\/wp-json\/wp\/v2\/pages\/1544\/revisions"}],"wp:attachment":[{"href":"https:\/\/www.lbi.fr\/de\/wp-json\/wp\/v2\/media?parent=1544"}],"curies":[{"name":"wp","href":"https:\/\/api.w.org\/{rel}","templated":true}]}}