{"id":1519,"date":"2022-10-18T16:12:07","date_gmt":"2022-10-18T15:12:07","guid":{"rendered":"https:\/\/www.lbi.fr\/?page_id=1519"},"modified":"2022-10-19T08:40:03","modified_gmt":"2022-10-19T07:40:03","slug":"produkte","status":"publish","type":"page","link":"https:\/\/www.lbi.fr\/de\/produkte\/","title":{"rendered":"Produkte"},"content":{"rendered":"<h1>Produkte<\/h1>\n<div>\n<p>Kupferlegierungen, Edelst\u00e4hle, Aluminium; Speziallegierungen oder auch Sonderanfertigungen &#8211; LBI bietet Ihnen eine breite Palette an bemerkenswerten Produkten mit unterschiedlichen Abmessungen.<\/p>\n<\/div>\n<p><a href=\"https:\/\/www.lbi.fr\/produits\/alliages-cuivreux\/\"><img decoding=\"async\" src=\"\/wp-content\/uploads\/LBI-Produits-Alliages-cuivreux-Galeries-photos-08.jpg\" alt=\"Les Bronzes d'Industrie - Schleudergegossene Produkte - Kupferlegierungen\"><\/a><\/p>\n<h2><a href=\"https:\/\/www.lbi.fr\/produits\/alliages-cuivreux\/\">Kupferlegierungen<\/a><\/h2>\n<hr>\n<div>\n<p>LBI stellt eine sehr breite Palette von Legierungen her. Unser Know-how in Verbindung mit unseren Labor- und Kontrollmitteln erm\u00f6glicht es uns, den sehr unterschiedlichen Bed\u00fcrfnissen des Weltmarktes gerecht zu werden.<\/p>\n<p>Wir stellen einige charakteristische Kupferlegierungen vor, die nach Familien geordnet sind (Bronze, Messing, Aluminiummehrstoffbronze, reines oder niedrig legiertes Kupfer &#038; Kupfer-Nickel), sowie ihre ungef\u00e4hren Entsprechungen. Dies sind nur einige typische Beispiele f\u00fcr unsere M\u00f6glichkeiten. Z\u00f6gern Sie also nicht, uns f\u00fcr alle Ihre Bed\u00fcrfnisse anzufragen.<\/p>\n<\/div>\n<p>\n    <a href=\"\/de\/produkte\/kupferlegierungen\/\">Weitere Informationen<\/a>\n<\/p>\n<p><a href=\"https:\/\/www.lbi.fr\/produits\/alliages-daciers-inoxydables\/\"><img decoding=\"async\" src=\"\/wp-content\/uploads\/LBI-Produits-Aciers-inoxydables-Galeries-photos-02.jpg\" alt=\"Les Bronzes d'Industrie - Schleudergegossene Produkte - Legierungen aus rostfreiem Edelstahl\"><\/a><\/p>\n<h2><a href=\"https:\/\/www.lbi.fr\/produits\/alliages-daciers-inoxydables\/\">Legierungen aus rostfreiem Edelstahl<\/a><\/h2>\n<hr>\n<div>\n<p>LBI stellt eine sehr breite Palette von Legierungen her. Unser Know-how in Verbindung mit unseren Labor- und Kontrollmitteln erm\u00f6glicht es uns, den sehr unterschiedlichen Bed\u00fcrfnissen des Weltmarktes gerecht zu werden.<\/p>\n<p>Im Folgenden stellen wir einige charakteristische, nach Familien geordnete Legierungen (hitzebest\u00e4ndige St\u00e4hle, martensitische, austenitische, ferritische, Duplex- und Nickelbasisst\u00e4hle) sowie ihre ungef\u00e4hren Entsprechungen vor. Dies sind nur einige typische Beispiele f\u00fcr unsere M\u00f6glichkeiten. Z\u00f6gern Sie also nicht, uns f\u00fcr alle Ihre Bed\u00fcrfnisse anzufragen.<\/p>\n<\/div>\n<p>\n    <a href=\"\/de\/produkte\/legierungen-aus-rostfreiem-stahl\/\">Weitere Informationen<\/a>\n<\/p>\n<p><a href=\"https:\/\/www.lbi.fr\/produits\/alliages-daluminium\/\"><img decoding=\"async\" src=\"\/wp-content\/uploads\/LBI-Produits-Aluminium-Bandeaux-01.jpg\" alt=\"Les Bronzes d'Industrie - Schleudergegossene Produkte - Aluminiumlegierungen\"><\/a><\/p>\n<h2><a href=\"https:\/\/www.lbi.fr\/produits\/alliages-daluminium\/\">Aluminiumlegierungen<\/a><\/h2>\n<hr>\n<div>\n<p>LBI stellt eine sehr breite Palette von Legierungen her. Unser Know-how in Verbindung mit unseren Labor- und Kontrollmitteln erm\u00f6glicht es uns, den sehr unterschiedlichen Bed\u00fcrfnissen des Weltmarktes gerecht zu werden.<\/p>\n<p>Im Folgenden stellen wir einige charakteristische Legierungen vor, die nach Familien geordnet sind, sowie ihre ungef\u00e4hren Entsprechungen. Dies sind nur einige typische Beispiele f\u00fcr unsere M\u00f6glichkeiten. Z\u00f6gern Sie also nicht, uns f\u00fcr alle Ihre Bed\u00fcrfnisse anzufragen.<\/p>\n<\/div>\n<p>\n    <a href=\"\/de\/produkte\/aluminiumlegierungen\/\">Weitere Informationen<\/a>\n<\/p>\n<p><a href=\"https:\/\/www.lbi.fr\/produits\/alliage-special-alusic\/\"><img decoding=\"async\" src=\"\/wp-content\/uploads\/LBI-Produits-Alusic-Freins-disque.jpg\" alt=\"Les Bronzes d'Industrie - Schleudergegossene Produkte - ALUSIC\u00ae Speziallegierung\"><\/a><\/p>\n<h2><a href=\"https:\/\/www.lbi.fr\/produits\/alliage-special-alusic\/\">ALUSIC<sup>\u00ae<\/sup> Speziallegierung<\/a><\/h2>\n<hr>\n<div>\n<p>Im Schleudergussverfahren hergestellte Verbundteile, die aus einer Matrix aus einer Aluminium-Silizium-Legierung und Verst\u00e4rkungselementen in Form von Siliziumkarbidpartikeln bestehen.<\/p>\n<\/div>\n<p>\n    <a href=\"\/de\/produkte\/alusic-speziallegierung\/\">Weitere Informationen<\/a>\n<\/p>\n<p><a href=\"https:\/\/www.lbi.fr\/produits\/alliage-special-exium-am\/\"><img decoding=\"async\" src=\"\/wp-content\/uploads\/LBI-Produits-Exium-AM-Platine-Vinyle-Nagra-03-1.jpg\" alt=\"Les Bronzes d'Industrie - Schleudergegossene Produkte - Speziallegierung EXIUM\u00ae AM\"><\/a><\/p>\n<h2><a href=\"https:\/\/www.lbi.fr\/produits\/alliage-special-exium-am\/\">Speziallegierung EXIUM<sup>\u00ae<\/sup> AM<\/a><\/h2>\n<hr>\n<div>\n<p>LBI hat gerade aufgrund eines besonderen Bedarfs eine Nichteisenlegierung entwickelt.<br \/>\nSeine gro\u00dfe Besonderheit, die durch seine Zusammensetzung in Verbindung mit seiner Formgebung durch Schleudern erreicht wird, besteht darin, dass er f\u00fcr ein metallisches Material ganz bemerkenswerte D\u00e4mpfungseigenschaften besitzt (vergleichbar mit denen eines polymer\u00e4hnlichen Materials!).<\/p>\n<\/div>\n<p>\n    <a href=\"\/de\/produkte\/speziallegierung-exium-am\/\">Weitere Informationen<\/a>\n<\/p>\n<p><!--more--><br \/>\n<!-- {\"type\":\"layout\",\"children\":[{\"name\":\"Hero\",\"type\":\"section\",\"props\":{\"width\":\"default\",\"padding\":\"large\",\"style\":\"secondary\",\"media\":\"images\\\/casestudy-header.jpg\",\"image\":\"wp-content\\\/uploads\\\/LBI-Produits-Bandeaux-.jpg\",\"media_advanced\":true,\"image_size\":\"cover\",\"media_background\":\"#fff\",\"media_overlay\":\"rgba(0, 0, 0, 0.45)\",\"image_fixed\":true,\"image_position\":\"center-center\",\"vertical_align\":\"middle\",\"title_position\":\"top-left\",\"title_rotation\":\"left\",\"title_breakpoint\":\"xl\",\"media_blend_mode\":\"multiply\",\"header_transparent\":\"light\",\"header_transparent_noplaceholder\":false},\"children\":[{\"name\":\"\",\"type\":\"row\",\"children\":[{\"name\":\"\",\"type\":\"column\",\"props\":{\"image_position\":\"center-center\",\"media_overlay_gradient\":\"\",\"width_medium\":\"1-1\",\"vertical_align\":\"middle\",\"position_sticky_breakpoint\":\"m\"},\"children\":[{\"name\":\"\",\"type\":\"headline\",\"props\":{\"title_element\":\"h1\",\"title_style\":\"heading-large\",\"text_align\":\"left\",\"content\":\"Produkte\",\"margin_remove_top\":true,\"css\":\".el-element .uk-text-primary {\\n    color: #FFB932 !important;\\n}\"}},{\"name\":\"\",\"type\":\"text\",\"props\":{\"column_breakpoint\":\"m\",\"text_align\":\"justify\",\"maxwidth\":\"xlarge\",\"margin\":\"\",\"content\":\"\n\n<p>Kupferlegierungen, Edelst\\u00e4hle, Aluminium; Speziallegierungen oder auch Sonderanfertigungen - LBI bietet Ihnen eine breite Palette an bemerkenswerten Produkten mit unterschiedlichen Abmessungen.<\\\/p>\",\"text_color\":\"emphasis\",\"class\":\"\",\"block_align\":\"center\"}}]}]}],\"modified\":\"2021-10-12T14:05:03.680Z\"},{\"name\":\"Familles d'alliages\",\"type\":\"section\",\"props\":{\"width\":\"default\",\"style\":\"default\",\"image_size\":\"contain\",\"image_position\":\"center-center\",\"vertical_align\":\"middle\",\"title_position\":\"top-left\",\"title_rotation\":\"left\",\"title_breakpoint\":\"xl\",\"id\":\"familles-alliages\",\"image\":\"\",\"padding_remove_bottom\":false},\"children\":[{\"name\":\"\",\"type\":\"row\",\"props\":{\"layout\":\"1-2,1-2\"},\"children\":[{\"name\":\"\",\"type\":\"column\",\"props\":{\"image_position\":\"center-center\",\"media_overlay_gradient\":\"\",\"width_medium\":\"1-2\",\"vertical_align\":\"middle\",\"position_sticky_breakpoint\":\"m\"},\"children\":[{\"type\":\"image\",\"props\":{\"margin\":\"default\",\"image_svg_color\":\"emphasis\",\"image\":\"wp-content\\\/uploads\\\/LBI-Produits-Alliages-cuivreux-Galeries-photos-08.jpg\",\"image_alt\":\"Les Bronzes d'Industrie - Schleudergegossene Produkte - Kupferlegierungen\",\"link\":\"produits\\\/alliages-cuivreux\\\/\",\"image_width\":\"960\",\"image_height\":\"590\",\"status\":\"\"}}]},{\"type\":\"column\",\"props\":{\"image_position\":\"center-center\",\"media_overlay_gradient\":\"\",\"width_medium\":\"1-2\",\"order_first\":\"m\",\"vertical_align\":\"middle\",\"position_sticky_breakpoint\":\"m\"},\"children\":[{\"name\":\"\",\"type\":\"headline\",\"props\":{\"title_element\":\"h2\",\"content\":\"Kupferlegierungen\",\"link\":\"produits\\\/alliages-cuivreux\\\/\"}},{\"type\":\"divider\",\"props\":{\"divider_element\":\"hr\",\"divider_style\":\"small\",\"margin_remove_top\":false}},{\"type\":\"text\",\"props\":{\"margin\":\"default\",\"column_breakpoint\":\"m\",\"content\":\"\n\n<p>LBI stellt eine sehr breite Palette von Legierungen her. Unser Know-how in Verbindung mit unseren Labor- und Kontrollmitteln erm\\u00f6glicht es uns, den sehr unterschiedlichen Bed\\u00fcrfnissen des Weltmarktes gerecht zu werden.<\\\/p>\\n\n\n<p>Wir stellen einige charakteristische Kupferlegierungen vor, die nach Familien geordnet sind (Bronze, Messing, Aluminiummehrstoffbronze, reines oder niedrig legiertes Kupfer & Kupfer-Nickel), sowie ihre ungef\\u00e4hren Entsprechungen. Dies sind nur einige typische Beispiele f\\u00fcr unsere M\\u00f6glichkeiten. Z\\u00f6gern Sie also nicht, uns f\\u00fcr alle Ihre Bed\\u00fcrfnisse anzufragen.<\\\/p>\"}},{\"type\":\"button\",\"props\":{\"grid_column_gap\":\"small\",\"grid_row_gap\":\"small\",\"margin\":\"default\"},\"children\":[{\"type\":\"button_item\",\"props\":{\"button_style\":\"text\",\"icon_align\":\"right\",\"content\":\"Weitere Informationen\",\"link_title\":\"Weitere Informationen\",\"link\":\"de\\\/produkte\\\/kupferlegierungen\\\/\",\"icon\":\"arrow-right\"}}]}]}]},{\"name\":\"\",\"type\":\"row\",\"props\":{\"layout\":\"1-2,1-2\"},\"children\":[{\"name\":\"\",\"type\":\"column\",\"props\":{\"image_position\":\"center-center\",\"media_overlay_gradient\":\"\",\"width_medium\":\"1-2\",\"vertical_align\":\"middle\",\"position_sticky_breakpoint\":\"m\"},\"children\":[{\"type\":\"image\",\"props\":{\"margin\":\"default\",\"image_svg_color\":\"emphasis\",\"image\":\"wp-content\\\/uploads\\\/LBI-Produits-Aciers-inoxydables-Galeries-photos-02.jpg\",\"image_alt\":\"Les Bronzes d'Industrie - Schleudergegossene Produkte - Legierungen aus rostfreiem Edelstahl\",\"link\":\"produits\\\/alliages-daciers-inoxydables\\\/\",\"image_width\":\"960\",\"image_height\":\"590\",\"status\":\"\"}}]},{\"type\":\"column\",\"props\":{\"image_position\":\"center-center\",\"media_overlay_gradient\":\"\",\"width_medium\":\"1-2\",\"vertical_align\":\"middle\",\"position_sticky_breakpoint\":\"m\"},\"children\":[{\"name\":\"\",\"type\":\"headline\",\"props\":{\"title_element\":\"h2\",\"content\":\"Legierungen aus rostfreiem Edelstahl\",\"link\":\"produits\\\/alliages-daciers-inoxydables\\\/\"}},{\"type\":\"divider\",\"props\":{\"divider_element\":\"hr\",\"divider_style\":\"small\",\"margin_remove_top\":false}},{\"type\":\"text\",\"props\":{\"margin\":\"default\",\"column_breakpoint\":\"m\",\"content\":\"\n\n<p>LBI stellt eine sehr breite Palette von Legierungen her. Unser Know-how in Verbindung mit unseren Labor- und Kontrollmitteln erm\\u00f6glicht es uns, den sehr unterschiedlichen Bed\\u00fcrfnissen des Weltmarktes gerecht zu werden.<\\\/p>\\n\n\n<p>Im Folgenden stellen wir einige charakteristische, nach Familien geordnete Legierungen (hitzebest\\u00e4ndige St\\u00e4hle, martensitische, austenitische, ferritische, Duplex- und Nickelbasisst\\u00e4hle) sowie ihre ungef\\u00e4hren Entsprechungen vor. Dies sind nur einige typische Beispiele f\\u00fcr unsere M\\u00f6glichkeiten. Z\\u00f6gern Sie also nicht, uns f\\u00fcr alle Ihre Bed\\u00fcrfnisse anzufragen.<\\\/p>\"}},{\"type\":\"button\",\"props\":{\"grid_column_gap\":\"small\",\"grid_row_gap\":\"small\",\"margin\":\"default\"},\"children\":[{\"type\":\"button_item\",\"props\":{\"button_style\":\"text\",\"icon_align\":\"right\",\"content\":\"Weitere Informationen\",\"link_title\":\"Weitere Informationen\",\"link\":\"de\\\/produkte\\\/legierungen-aus-rostfreiem-stahl\\\/\",\"icon\":\"arrow-right\"}}]}]}]},{\"name\":\"\",\"type\":\"row\",\"props\":{\"layout\":\"1-2,1-2\"},\"children\":[{\"name\":\"\",\"type\":\"column\",\"props\":{\"image_position\":\"center-center\",\"media_overlay_gradient\":\"\",\"width_medium\":\"1-2\",\"vertical_align\":\"middle\",\"position_sticky_breakpoint\":\"m\"},\"children\":[{\"type\":\"image\",\"props\":{\"margin\":\"default\",\"image_svg_color\":\"emphasis\",\"image\":\"wp-content\\\/uploads\\\/LBI-Produits-Aluminium-Bandeaux-01.jpg\",\"image_alt\":\"Les Bronzes d'Industrie - Schleudergegossene Produkte - Aluminiumlegierungen\",\"link\":\"produits\\\/alliages-daluminium\\\/\",\"image_width\":\"960\",\"image_height\":\"590\",\"status\":\"\"}}]},{\"type\":\"column\",\"props\":{\"image_position\":\"center-center\",\"media_overlay_gradient\":\"\",\"width_medium\":\"1-2\",\"order_first\":\"m\",\"vertical_align\":\"middle\",\"position_sticky_breakpoint\":\"m\"},\"children\":[{\"name\":\"\",\"type\":\"headline\",\"props\":{\"title_element\":\"h2\",\"content\":\"Aluminiumlegierungen\",\"link\":\"produits\\\/alliages-daluminium\\\/\"}},{\"type\":\"divider\",\"props\":{\"divider_element\":\"hr\",\"divider_style\":\"small\",\"margin_remove_top\":false}},{\"type\":\"text\",\"props\":{\"margin\":\"default\",\"column_breakpoint\":\"m\",\"content\":\"\n\n<p>LBI stellt eine sehr breite Palette von Legierungen her. Unser Know-how in Verbindung mit unseren Labor- und Kontrollmitteln erm\\u00f6glicht es uns, den sehr unterschiedlichen Bed\\u00fcrfnissen des Weltmarktes gerecht zu werden.<\\\/p>\\n\n\n<p>Im Folgenden stellen wir einige charakteristische Legierungen vor, die nach Familien geordnet sind, sowie ihre ungef\\u00e4hren Entsprechungen. Dies sind nur einige typische Beispiele f\\u00fcr unsere M\\u00f6glichkeiten. Z\\u00f6gern Sie also nicht, uns f\\u00fcr alle Ihre Bed\\u00fcrfnisse anzufragen.<\\\/p>\"}},{\"type\":\"button\",\"props\":{\"grid_column_gap\":\"small\",\"grid_row_gap\":\"small\",\"margin\":\"default\"},\"children\":[{\"type\":\"button_item\",\"props\":{\"button_style\":\"text\",\"icon_align\":\"right\",\"content\":\"Weitere Informationen\",\"link_title\":\"Weitere Informationen\",\"link\":\"de\\\/produkte\\\/aluminiumlegierungen\\\/\",\"icon\":\"arrow-right\"}}]}]}]},{\"name\":\"\",\"type\":\"row\",\"props\":{\"layout\":\"1-2,1-2\"},\"children\":[{\"name\":\"\",\"type\":\"column\",\"props\":{\"image_position\":\"center-center\",\"media_overlay_gradient\":\"\",\"width_medium\":\"1-2\",\"vertical_align\":\"middle\",\"position_sticky_breakpoint\":\"m\"},\"children\":[{\"type\":\"image\",\"props\":{\"margin\":\"default\",\"image_svg_color\":\"emphasis\",\"image\":\"wp-content\\\/uploads\\\/LBI-Produits-Alusic-Freins-disque.jpg\",\"image_alt\":\"Les Bronzes d'Industrie - Schleudergegossene Produkte - ALUSIC\\u00ae Speziallegierung\",\"link\":\"produits\\\/alliage-special-alusic\\\/\",\"image_width\":\"960\",\"image_height\":\"590\",\"status\":\"\"}}]},{\"type\":\"column\",\"props\":{\"image_position\":\"center-center\",\"media_overlay_gradient\":\"\",\"width_medium\":\"1-2\",\"vertical_align\":\"middle\",\"position_sticky_breakpoint\":\"m\"},\"children\":[{\"name\":\"\",\"type\":\"headline\",\"props\":{\"title_element\":\"h2\",\"content\":\"ALUSIC<sup>\\u00ae<\\\/sup> Speziallegierung\",\"link\":\"produits\\\/alliage-special-alusic\\\/\"}},{\"type\":\"divider\",\"props\":{\"divider_element\":\"hr\",\"divider_style\":\"small\",\"margin_remove_top\":false}},{\"type\":\"text\",\"props\":{\"margin\":\"default\",\"column_breakpoint\":\"m\",\"content\":\"\n\n<p>Im Schleudergussverfahren hergestellte Verbundteile, die aus einer Matrix aus einer Aluminium-Silizium-Legierung und Verst\\u00e4rkungselementen in Form von Siliziumkarbidpartikeln bestehen.<\\\/p>\"}},{\"type\":\"button\",\"props\":{\"grid_column_gap\":\"small\",\"grid_row_gap\":\"small\",\"margin\":\"default\"},\"children\":[{\"type\":\"button_item\",\"props\":{\"button_style\":\"text\",\"icon_align\":\"right\",\"content\":\"Weitere Informationen\",\"link_title\":\"Weitere Informationen\",\"link\":\"de\\\/produkte\\\/alusic-speziallegierung\\\/\",\"icon\":\"arrow-right\"}}]}]}]},{\"name\":\"\",\"type\":\"row\",\"props\":{\"layout\":\"1-2,1-2\"},\"children\":[{\"name\":\"\",\"type\":\"column\",\"props\":{\"image_position\":\"center-center\",\"media_overlay_gradient\":\"\",\"width_medium\":\"1-2\",\"vertical_align\":\"middle\",\"position_sticky_breakpoint\":\"m\"},\"children\":[{\"type\":\"image\",\"props\":{\"margin\":\"default\",\"image_svg_color\":\"emphasis\",\"image\":\"wp-content\\\/uploads\\\/LBI-Produits-Exium-AM-Platine-Vinyle-Nagra-03-1.jpg\",\"image_alt\":\"Les Bronzes d'Industrie - Schleudergegossene Produkte - Speziallegierung EXIUM\\u00ae AM\",\"link\":\"produits\\\/alliage-special-exium-am\\\/\",\"image_width\":\"960\",\"image_height\":\"590\",\"status\":\"\"}}]},{\"type\":\"column\",\"props\":{\"image_position\":\"center-center\",\"media_overlay_gradient\":\"\",\"width_medium\":\"1-2\",\"order_first\":\"m\",\"vertical_align\":\"middle\",\"position_sticky_breakpoint\":\"m\"},\"children\":[{\"name\":\"\",\"type\":\"headline\",\"props\":{\"title_element\":\"h2\",\"content\":\"Speziallegierung EXIUM<sup>\\u00ae<\\\/sup> AM\",\"link\":\"produits\\\/alliage-special-exium-am\\\/\"}},{\"type\":\"divider\",\"props\":{\"divider_element\":\"hr\",\"divider_style\":\"small\",\"margin_remove_top\":false}},{\"type\":\"text\",\"props\":{\"margin\":\"default\",\"column_breakpoint\":\"m\",\"content\":\"\n\n<p>LBI hat gerade aufgrund eines besonderen Bedarfs eine Nichteisenlegierung entwickelt.\\nSeine gro\\u00dfe Besonderheit, die durch seine Zusammensetzung in Verbindung mit seiner Formgebung durch Schleudern erreicht wird, besteht darin, dass er f\\u00fcr ein metallisches Material ganz bemerkenswerte D\\u00e4mpfungseigenschaften besitzt (vergleichbar mit denen eines polymer\\u00e4hnlichen Materials!).<\\\/p>\"}},{\"type\":\"button\",\"props\":{\"grid_column_gap\":\"small\",\"grid_row_gap\":\"small\",\"margin\":\"default\"},\"children\":[{\"type\":\"button_item\",\"props\":{\"button_style\":\"text\",\"icon_align\":\"right\",\"content\":\"Weitere Informationen\",\"link_title\":\"Weitere Informationen\",\"link\":\"de\\\/produkte\\\/speziallegierung-exium-am\\\/\",\"icon\":\"arrow-right\"}}]}]}]}]}],\"version\":\"3.0.5\"} --><\/p>\n","protected":false},"excerpt":{"rendered":"<p>Produkte Kupferlegierungen, Edelst\u00e4hle, Aluminium; Speziallegierungen oder auch Sonderanfertigungen &#8211; LBI bietet Ihnen eine breite Palette an bemerkenswerten Produkten mit unterschiedlichen Abmessungen. Kupferlegierungen LBI stellt eine sehr breite Palette von Legierungen her. Unser Know-how in Verbindung mit unseren Labor- und Kontrollmitteln erm\u00f6glicht es uns, den sehr unterschiedlichen Bed\u00fcrfnissen des Weltmarktes gerecht zu werden. Wir stellen einige [&hellip;]<\/p>\n","protected":false},"author":4,"featured_media":0,"parent":0,"menu_order":1,"comment_status":"closed","ping_status":"closed","template":"","meta":{"_acf_changed":false,"footnotes":""},"class_list":["post-1519","page","type-page","status-publish","hentry"],"acf":[],"yoast_head":"<!-- This site is optimized with the Yoast SEO plugin v27.5 - https:\/\/yoast.com\/product\/yoast-seo-wordpress\/ -->\n<title>Schleudergegossene Produkte - Les Bronzes d&#039;Industrie<\/title>\n<meta name=\"description\" content=\"Eine breite Palette an schleudergegossenen Produkten aus Kupferlegierungen, rostfreien St\u00e4hlen, Aluminium oder Sonderlegierungen nach Ma\u00df. Verschiedene Gr\u00f6\u00dfen bis zu 6 m Durchmesser und 4,5 m L\u00e4nge.\" \/>\n<meta name=\"robots\" content=\"index, follow, max-snippet:-1, max-image-preview:large, max-video-preview:-1\" \/>\n<link rel=\"canonical\" href=\"https:\/\/www.lbi.fr\/de\/produkte\/\" \/>\n<meta property=\"og:locale\" content=\"de_DE\" \/>\n<meta property=\"og:type\" content=\"article\" \/>\n<meta property=\"og:title\" content=\"Schleudergegossene Produkte - Les Bronzes d&#039;Industrie\" \/>\n<meta property=\"og:description\" content=\"Eine breite Palette an schleudergegossenen Produkten aus Kupferlegierungen, rostfreien St\u00e4hlen, Aluminium oder Sonderlegierungen nach Ma\u00df. Verschiedene Gr\u00f6\u00dfen bis zu 6 m Durchmesser und 4,5 m L\u00e4nge.\" \/>\n<meta property=\"og:url\" content=\"https:\/\/www.lbi.fr\/de\/produkte\/\" \/>\n<meta property=\"og:site_name\" content=\"Les Bronzes d&#039;Industrie\" \/>\n<meta property=\"article:modified_time\" content=\"2022-10-19T07:40:03+00:00\" \/>\n<meta name=\"twitter:card\" content=\"summary_large_image\" \/>\n<meta name=\"twitter:label1\" content=\"Gesch\u00e4tzte Lesezeit\" \/>\n\t<meta name=\"twitter:data1\" content=\"5\u00a0Minuten\" \/>\n<script type=\"application\/ld+json\" class=\"yoast-schema-graph\">{\"@context\":\"https:\\\/\\\/schema.org\",\"@graph\":[{\"@type\":\"WebPage\",\"@id\":\"https:\\\/\\\/www.lbi.fr\\\/de\\\/produkte\\\/\",\"url\":\"https:\\\/\\\/www.lbi.fr\\\/de\\\/produkte\\\/\",\"name\":\"Schleudergegossene Produkte - Les Bronzes d&#039;Industrie\",\"isPartOf\":{\"@id\":\"https:\\\/\\\/www.lbi.fr\\\/de\\\/#website\"},\"datePublished\":\"2022-10-18T15:12:07+00:00\",\"dateModified\":\"2022-10-19T07:40:03+00:00\",\"description\":\"Eine breite Palette an schleudergegossenen Produkten aus Kupferlegierungen, rostfreien St\u00e4hlen, Aluminium oder Sonderlegierungen nach Ma\u00df. Verschiedene Gr\u00f6\u00dfen bis zu 6 m Durchmesser und 4,5 m L\u00e4nge.\",\"breadcrumb\":{\"@id\":\"https:\\\/\\\/www.lbi.fr\\\/de\\\/produkte\\\/#breadcrumb\"},\"inLanguage\":\"de\",\"potentialAction\":[{\"@type\":\"ReadAction\",\"target\":[\"https:\\\/\\\/www.lbi.fr\\\/de\\\/produkte\\\/\"]}]},{\"@type\":\"BreadcrumbList\",\"@id\":\"https:\\\/\\\/www.lbi.fr\\\/de\\\/produkte\\\/#breadcrumb\",\"itemListElement\":[{\"@type\":\"ListItem\",\"position\":1,\"name\":\"Accueil\",\"item\":\"https:\\\/\\\/www.lbi.fr\\\/de\\\/\"},{\"@type\":\"ListItem\",\"position\":2,\"name\":\"Produkte\"}]},{\"@type\":\"WebSite\",\"@id\":\"https:\\\/\\\/www.lbi.fr\\\/de\\\/#website\",\"url\":\"https:\\\/\\\/www.lbi.fr\\\/de\\\/\",\"name\":\"Les Bronzes d&#039;Industrie\",\"description\":\"\",\"publisher\":{\"@id\":\"https:\\\/\\\/www.lbi.fr\\\/de\\\/#organization\"},\"potentialAction\":[{\"@type\":\"SearchAction\",\"target\":{\"@type\":\"EntryPoint\",\"urlTemplate\":\"https:\\\/\\\/www.lbi.fr\\\/de\\\/?s={search_term_string}\"},\"query-input\":{\"@type\":\"PropertyValueSpecification\",\"valueRequired\":true,\"valueName\":\"search_term_string\"}}],\"inLanguage\":\"de\"},{\"@type\":\"Organization\",\"@id\":\"https:\\\/\\\/www.lbi.fr\\\/de\\\/#organization\",\"name\":\"Les Bronzes d'Industrie\",\"url\":\"https:\\\/\\\/www.lbi.fr\\\/de\\\/\",\"logo\":{\"@type\":\"ImageObject\",\"inLanguage\":\"de\",\"@id\":\"https:\\\/\\\/www.lbi.fr\\\/de\\\/#\\\/schema\\\/logo\\\/image\\\/\",\"url\":\"https:\\\/\\\/www.lbi.fr\\\/wp-content\\\/uploads\\\/LBI-Logo-RVB.png\",\"contentUrl\":\"https:\\\/\\\/www.lbi.fr\\\/wp-content\\\/uploads\\\/LBI-Logo-RVB.png\",\"width\":800,\"height\":600,\"caption\":\"Les Bronzes d'Industrie\"},\"image\":{\"@id\":\"https:\\\/\\\/www.lbi.fr\\\/de\\\/#\\\/schema\\\/logo\\\/image\\\/\"},\"sameAs\":[\"https:\\\/\\\/www.linkedin.com\\\/company\\\/lbi-lesbronzesd'industrie\\\/\"]}]}<\/script>\n<!-- \/ Yoast SEO plugin. -->","yoast_head_json":{"title":"Schleudergegossene Produkte - Les Bronzes d&#039;Industrie","description":"Eine breite Palette an schleudergegossenen Produkten aus Kupferlegierungen, rostfreien St\u00e4hlen, Aluminium oder Sonderlegierungen nach Ma\u00df. Verschiedene Gr\u00f6\u00dfen bis zu 6 m Durchmesser und 4,5 m L\u00e4nge.","robots":{"index":"index","follow":"follow","max-snippet":"max-snippet:-1","max-image-preview":"max-image-preview:large","max-video-preview":"max-video-preview:-1"},"canonical":"https:\/\/www.lbi.fr\/de\/produkte\/","og_locale":"de_DE","og_type":"article","og_title":"Schleudergegossene Produkte - Les Bronzes d&#039;Industrie","og_description":"Eine breite Palette an schleudergegossenen Produkten aus Kupferlegierungen, rostfreien St\u00e4hlen, Aluminium oder Sonderlegierungen nach Ma\u00df. Verschiedene Gr\u00f6\u00dfen bis zu 6 m Durchmesser und 4,5 m L\u00e4nge.","og_url":"https:\/\/www.lbi.fr\/de\/produkte\/","og_site_name":"Les Bronzes d&#039;Industrie","article_modified_time":"2022-10-19T07:40:03+00:00","twitter_card":"summary_large_image","twitter_misc":{"Gesch\u00e4tzte Lesezeit":"5\u00a0Minuten"},"schema":{"@context":"https:\/\/schema.org","@graph":[{"@type":"WebPage","@id":"https:\/\/www.lbi.fr\/de\/produkte\/","url":"https:\/\/www.lbi.fr\/de\/produkte\/","name":"Schleudergegossene Produkte - Les Bronzes d&#039;Industrie","isPartOf":{"@id":"https:\/\/www.lbi.fr\/de\/#website"},"datePublished":"2022-10-18T15:12:07+00:00","dateModified":"2022-10-19T07:40:03+00:00","description":"Eine breite Palette an schleudergegossenen Produkten aus Kupferlegierungen, rostfreien St\u00e4hlen, Aluminium oder Sonderlegierungen nach Ma\u00df. Verschiedene Gr\u00f6\u00dfen bis zu 6 m Durchmesser und 4,5 m L\u00e4nge.","breadcrumb":{"@id":"https:\/\/www.lbi.fr\/de\/produkte\/#breadcrumb"},"inLanguage":"de","potentialAction":[{"@type":"ReadAction","target":["https:\/\/www.lbi.fr\/de\/produkte\/"]}]},{"@type":"BreadcrumbList","@id":"https:\/\/www.lbi.fr\/de\/produkte\/#breadcrumb","itemListElement":[{"@type":"ListItem","position":1,"name":"Accueil","item":"https:\/\/www.lbi.fr\/de\/"},{"@type":"ListItem","position":2,"name":"Produkte"}]},{"@type":"WebSite","@id":"https:\/\/www.lbi.fr\/de\/#website","url":"https:\/\/www.lbi.fr\/de\/","name":"Les Bronzes d&#039;Industrie","description":"","publisher":{"@id":"https:\/\/www.lbi.fr\/de\/#organization"},"potentialAction":[{"@type":"SearchAction","target":{"@type":"EntryPoint","urlTemplate":"https:\/\/www.lbi.fr\/de\/?s={search_term_string}"},"query-input":{"@type":"PropertyValueSpecification","valueRequired":true,"valueName":"search_term_string"}}],"inLanguage":"de"},{"@type":"Organization","@id":"https:\/\/www.lbi.fr\/de\/#organization","name":"Les Bronzes d'Industrie","url":"https:\/\/www.lbi.fr\/de\/","logo":{"@type":"ImageObject","inLanguage":"de","@id":"https:\/\/www.lbi.fr\/de\/#\/schema\/logo\/image\/","url":"https:\/\/www.lbi.fr\/wp-content\/uploads\/LBI-Logo-RVB.png","contentUrl":"https:\/\/www.lbi.fr\/wp-content\/uploads\/LBI-Logo-RVB.png","width":800,"height":600,"caption":"Les Bronzes d'Industrie"},"image":{"@id":"https:\/\/www.lbi.fr\/de\/#\/schema\/logo\/image\/"},"sameAs":["https:\/\/www.linkedin.com\/company\/lbi-lesbronzesd'industrie\/"]}]}},"_links":{"self":[{"href":"https:\/\/www.lbi.fr\/de\/wp-json\/wp\/v2\/pages\/1519","targetHints":{"allow":["GET"]}}],"collection":[{"href":"https:\/\/www.lbi.fr\/de\/wp-json\/wp\/v2\/pages"}],"about":[{"href":"https:\/\/www.lbi.fr\/de\/wp-json\/wp\/v2\/types\/page"}],"author":[{"embeddable":true,"href":"https:\/\/www.lbi.fr\/de\/wp-json\/wp\/v2\/users\/4"}],"replies":[{"embeddable":true,"href":"https:\/\/www.lbi.fr\/de\/wp-json\/wp\/v2\/comments?post=1519"}],"version-history":[{"count":0,"href":"https:\/\/www.lbi.fr\/de\/wp-json\/wp\/v2\/pages\/1519\/revisions"}],"wp:attachment":[{"href":"https:\/\/www.lbi.fr\/de\/wp-json\/wp\/v2\/media?parent=1519"}],"curies":[{"name":"wp","href":"https:\/\/api.w.org\/{rel}","templated":true}]}}